{"id":1290,"date":"2024-01-04T23:13:28","date_gmt":"2024-01-04T22:13:28","guid":{"rendered":"https:\/\/mariupol2022.com\/?page_id=1290"},"modified":"2024-02-27T16:46:47","modified_gmt":"2024-02-27T15:46:47","slug":"legal-notice","status":"publish","type":"page","link":"https:\/\/mariupol2022.com\/index.php\/en\/legal-notice\/","title":{"rendered":"Legal Notice"},"content":{"rendered":"\t\t<div data-elementor-type=\"wp-page\" data-elementor-id=\"1290\" class=\"elementor elementor-1290\">\n\t\t\t\t\t\t<section class=\"elementor-section elementor-top-section elementor-element elementor-element-d1c0191 elementor-section-boxed elementor-section-height-default elementor-section-height-default\" data-id=\"d1c0191\" data-element_type=\"section\" data-e-type=\"section\">\n\t\t\t\t\t\t<div class=\"elementor-container elementor-column-gap-default\">\n\t\t\t\t\t<div class=\"elementor-column elementor-col-100 elementor-top-column elementor-element elementor-element-11cc949\" data-id=\"11cc949\" data-element_type=\"column\" data-e-type=\"column\">\n\t\t\t<div class=\"elementor-widget-wrap elementor-element-populated\">\n\t\t\t\t\t\t<div class=\"elementor-element elementor-element-b705abf elementor-widget elementor-widget-heading\" data-id=\"b705abf\" data-element_type=\"widget\" data-e-type=\"widget\" data-widget_type=\"heading.default\">\n\t\t\t\t<div class=\"elementor-widget-container\">\n\t\t\t\t\t<h2 class=\"elementor-heading-title elementor-size-default\">Legal Notice<\/h2>\t\t\t\t<\/div>\n\t\t\t\t<\/div>\n\t\t\t\t<div class=\"elementor-element elementor-element-a4cae70 elementor-widget elementor-widget-text-editor\" data-id=\"a4cae70\" data-element_type=\"widget\" data-e-type=\"widget\" data-widget_type=\"text-editor.default\">\n\t\t\t\t<div class=\"elementor-widget-container\">\n\t\t\t\t\t\t\t\t\t<p>The Mariupol 2022 website aims to showcase the painting \u00ab\u00a0<b>Mariupol 2022<\/b>\u00a0\u00bb by\u00a0<a href=\"https:\/\/mariupol2022.com\/index.php\/en\/olesia-trofymenko-en\/\" target=\"_blank\" rel=\"noopener\"><b>Olesia Trofymenko<\/b><\/a> and promote the documentary \u00ab\u00a0<b>Marioupol, Hope is Not Lost<\/b>\u00a0\u00bb de Max Lytvynov (OUP Documentary).<\/p>\t\t\t\t\t\t\t\t<\/div>\n\t\t\t\t<\/div>\n\t\t\t\t<div class=\"elementor-element elementor-element-2ab2579 elementor-widget elementor-widget-heading\" data-id=\"2ab2579\" data-element_type=\"widget\" data-e-type=\"widget\" data-widget_type=\"heading.default\">\n\t\t\t\t<div class=\"elementor-widget-container\">\n\t\t\t\t\t<h2 class=\"elementor-heading-title elementor-size-default\">Credits<\/h2>\t\t\t\t<\/div>\n\t\t\t\t<\/div>\n\t\t\t\t<div class=\"elementor-element elementor-element-e234850 elementor-widget elementor-widget-text-editor\" data-id=\"e234850\" data-element_type=\"widget\" data-e-type=\"widget\" data-widget_type=\"text-editor.default\">\n\t\t\t\t<div class=\"elementor-widget-container\">\n\t\t\t\t\t\t\t\t\t<p><b>Site Editor<\/b><\/p><p>Jean-Walter MULLER<br \/><a href=\"https:\/\/objectif-scenario.fr\" target=\"_blank\" rel=\"noopener\">Perspectives-Objectif-Sc\u00e9nario<\/a><\/p><p><span style=\"font-family: var( --e-global-typography-text-font-family ), Sans-serif; font-size: 1rem;\"><b>Site Publisher<\/b><\/span><\/p><p><span style=\"font-family: var( --e-global-typography-text-font-family ), Sans-serif; font-size: 1rem;\">St\u00e9phane DALMAT<\/span><\/p>\t\t\t\t\t\t\t\t<\/div>\n\t\t\t\t<\/div>\n\t\t\t\t<div class=\"elementor-element elementor-element-34c354f elementor-widget elementor-widget-heading\" data-id=\"34c354f\" data-element_type=\"widget\" data-e-type=\"widget\" data-widget_type=\"heading.default\">\n\t\t\t\t<div class=\"elementor-widget-container\">\n\t\t\t\t\t<h2 class=\"elementor-heading-title elementor-size-default\">Hosting<\/h2>\t\t\t\t<\/div>\n\t\t\t\t<\/div>\n\t\t\t\t<div class=\"elementor-element elementor-element-ee8abd0 elementor-widget elementor-widget-text-editor\" data-id=\"ee8abd0\" data-element_type=\"widget\" data-e-type=\"widget\" data-widget_type=\"text-editor.default\">\n\t\t\t\t<div class=\"elementor-widget-container\">\n\t\t\t\t\t\t\t\t\t<p>This website is hosted by the company\u00a0<b>OVH<\/b><\/p><p>2 rue Kellermann<br \/>59100 Roubaix, France<\/p>\t\t\t\t\t\t\t\t<\/div>\n\t\t\t\t<\/div>\n\t\t\t\t<div class=\"elementor-element elementor-element-897cdb9 elementor-widget elementor-widget-heading\" data-id=\"897cdb9\" data-element_type=\"widget\" data-e-type=\"widget\" data-widget_type=\"heading.default\">\n\t\t\t\t<div class=\"elementor-widget-container\">\n\t\t\t\t\t<h2 class=\"elementor-heading-title elementor-size-default\">Intellectual Property<\/h2>\t\t\t\t<\/div>\n\t\t\t\t<\/div>\n\t\t\t\t<div class=\"elementor-element elementor-element-1aa7caa elementor-widget elementor-widget-text-editor\" data-id=\"1aa7caa\" data-element_type=\"widget\" data-e-type=\"widget\" data-widget_type=\"text-editor.default\">\n\t\t\t\t<div class=\"elementor-widget-container\">\n\t\t\t\t\t\t\t\t\t<p style=\"border: 0px; font-size: 17px; margin: 0px 0px 1em; outline: 0px; padding: 0px; vertical-align: baseline; caret-color: #494b51; color: #494b51; font-family: -apple-system, BlinkMacSystemFont, 'Segoe UI', Roboto, Oxygen-Sans, Ubuntu, Cantarell, 'Helvetica Neue', sans-serif;\"><span style=\"caret-color: #000000; color: #000000; font-size: medium;\">All texts, images, logos, and other elements contained on this website, hereinafter referred to as \u00ab\u00a0the Content\u00a0\u00bb are protected under copyright ans trademark laws.<\/span><\/p><p style=\"border: 0px; margin: 0px 0px 1em; outline: 0px; padding: 0px; vertical-align: baseline;\"><span style=\"font-family: -apple-system, BlinkMacSystemFont, Segoe UI, Roboto, Oxygen-Sans, Ubuntu, Cantarell, Helvetica Neue, sans-serif; font-size: medium;\">Each user is authorized to consult the Content for informal purposes and to request informations from the site&rsquo;s <b>publisher<\/b>.\u00a0<\/span><\/p><p style=\"border: 0px; margin: 0px 0px 1em; outline: 0px; padding: 0px; vertical-align: baseline;\"><span style=\"font-family: -apple-system, BlinkMacSystemFont, Segoe UI, Roboto, Oxygen-Sans, Ubuntu, Cantarell, Helvetica Neue, sans-serif; font-size: medium;\">Users undertake not to modify the Content in any way and not to use any text, one or more images, or any part of the Content without obtaining permission from the <b>publisher<\/b> or the <b>site&rsquo;s editor<\/b>.<\/span><\/p><p style=\"border: 0px; font-size: 17px; margin: 0px 0px 1em; outline: 0px; padding: 0px; vertical-align: baseline; caret-color: #494b51; color: #494b51; font-family: -apple-system, BlinkMacSystemFont, 'Segoe UI', Roboto, Oxygen-Sans, Ubuntu, Cantarell, 'Helvetica Neue', sans-serif;\"><span style=\"caret-color: #000000; color: #000000; font-size: medium;\">No element of this site should be construed as granting the user a licence or any other right to the Content.<\/span><\/p><p style=\"border: 0px; font-size: 17px; margin: 0px 0px 1em; outline: 0px; padding: 0px; vertical-align: baseline; caret-color: #494b51; color: #494b51; font-family: -apple-system, BlinkMacSystemFont, 'Segoe UI', Roboto, Oxygen-Sans, Ubuntu, Cantarell, 'Helvetica Neue', sans-serif;\"><span style=\"caret-color: #000000; color: #000000; font-size: medium;\">Any use of element(s) of the Content, including reproduction, modification, distribution, or republication without the prior written permission of the <b>publisher<\/b> or <b>site edito<\/b>r is <b>strictly prohibited<\/b> ans constitutes <b>copyright infringement<\/b>, subject to <b>legal penalties<\/b>.<\/span><\/p>\t\t\t\t\t\t\t\t<\/div>\n\t\t\t\t<\/div>\n\t\t\t\t<div class=\"elementor-element elementor-element-cac439d elementor-widget elementor-widget-heading\" data-id=\"cac439d\" data-element_type=\"widget\" data-e-type=\"widget\" data-widget_type=\"heading.default\">\n\t\t\t\t<div class=\"elementor-widget-container\">\n\t\t\t\t\t<h2 class=\"elementor-heading-title elementor-size-default\">Applicable Law<\/h2>\t\t\t\t<\/div>\n\t\t\t\t<\/div>\n\t\t\t\t<div class=\"elementor-element elementor-element-6a8df62 elementor-widget elementor-widget-text-editor\" data-id=\"6a8df62\" data-element_type=\"widget\" data-e-type=\"widget\" data-widget_type=\"text-editor.default\">\n\t\t\t\t<div class=\"elementor-widget-container\">\n\t\t\t\t\t\t\t\t\t<p>These general terms and conditions are subject to French Law. The language of the general terms and conditions is French. In the event of a dispute, the French courts have sole jurisdiction.<\/p>\t\t\t\t\t\t\t\t<\/div>\n\t\t\t\t<\/div>\n\t\t\t\t<div class=\"elementor-element elementor-element-001da2f elementor-widget elementor-widget-heading\" data-id=\"001da2f\" data-element_type=\"widget\" data-e-type=\"widget\" data-widget_type=\"heading.default\">\n\t\t\t\t<div class=\"elementor-widget-container\">\n\t\t\t\t\t<h2 class=\"elementor-heading-title elementor-size-default\">Update<\/h2>\t\t\t\t<\/div>\n\t\t\t\t<\/div>\n\t\t\t\t<div class=\"elementor-element elementor-element-155ad3a elementor-widget elementor-widget-text-editor\" data-id=\"155ad3a\" data-element_type=\"widget\" data-e-type=\"widget\" data-widget_type=\"text-editor.default\">\n\t\t\t\t<div class=\"elementor-widget-container\">\n\t\t\t\t\t\t\t\t\t<p><b>The publisher\u00a0<\/b>and\/or<b>\u00a0the site editor <\/b>reserve the right to modify ans update these legal notices at any time. These modifications and updates are binding on the user, who must, therefore, refer regularly to this section to check the current legal information.<\/p>\t\t\t\t\t\t\t\t<\/div>\n\t\t\t\t<\/div>\n\t\t\t\t\t<\/div>\n\t\t<\/div>\n\t\t\t\t\t<\/div>\n\t\t<\/section>\n\t\t\t\t<\/div>\n\t\t","protected":false},"excerpt":{"rendered":"<p>Legal Notice The Mariupol 2022 website aims to showcase the painting \u00ab\u00a0Mariupol 2022\u00a0\u00bb by\u00a0Olesia Trofymenko and promote the documentary \u00ab\u00a0Marioupol, Hope is Not Lost\u00a0\u00bb de Max Lytvynov (OUP Documentary). Credits Site Editor Jean-Walter MULLERPerspectives-Objectif-Sc\u00e9nario Site Publisher St\u00e9phane DALMAT Hosting This website is hosted by the company\u00a0OVH 2 rue Kellermann59100 Roubaix, France Intellectual Property All texts, [&hellip;]<\/p>\n","protected":false},"author":1,"featured_media":0,"parent":0,"menu_order":0,"comment_status":"closed","ping_status":"closed","template":"","meta":{"_monsterinsights_skip_tracking":false,"_monsterinsights_sitenote_active":false,"_monsterinsights_sitenote_note":"","_monsterinsights_sitenote_category":0,"_uf_show_specific_survey":0,"_uf_disable_surveys":false,"footnotes":""},"class_list":["post-1290","page","type-page","status-publish","hentry"],"yoast_head":"<!-- This site is optimized with the Yoast SEO plugin v27.3 - https:\/\/yoast.com\/product\/yoast-seo-wordpress\/ -->\n<title>Legal Notice - Mariupol 2022<\/title>\n<meta name=\"description\" content=\"Mentions l\u00e9gales - cr\u00e9dits, h\u00e9bergement, propri\u00e9t\u00e9 intellectuelle, droit applicable - du site Mariupol 2022.\" \/>\n<meta name=\"robots\" content=\"index, follow, max-snippet:-1, max-image-preview:large, max-video-preview:-1\" \/>\n<link rel=\"canonical\" href=\"https:\/\/mariupol2022.com\/index.php\/en\/legal-notice\/\" \/>\n<meta property=\"og:locale\" content=\"fr_FR\" \/>\n<meta property=\"og:type\" content=\"article\" \/>\n<meta property=\"og:title\" content=\"Legal Notice - Mariupol 2022\" \/>\n<meta property=\"og:description\" content=\"Mentions l\u00e9gales - cr\u00e9dits, h\u00e9bergement, propri\u00e9t\u00e9 intellectuelle, droit applicable - du site Mariupol 2022.\" \/>\n<meta property=\"og:url\" content=\"https:\/\/mariupol2022.com\/index.php\/en\/legal-notice\/\" \/>\n<meta property=\"og:site_name\" content=\"Mariupol 2022\" \/>\n<meta property=\"article:modified_time\" content=\"2024-02-27T15:46:47+00:00\" \/>\n<meta name=\"twitter:card\" content=\"summary_large_image\" \/>\n<meta name=\"twitter:label1\" content=\"Dur\u00e9e de lecture estim\u00e9e\" \/>\n\t<meta name=\"twitter:data1\" content=\"2 minutes\" \/>\n<script type=\"application\/ld+json\" class=\"yoast-schema-graph\">{\"@context\":\"https:\\\/\\\/schema.org\",\"@graph\":[{\"@type\":\"WebPage\",\"@id\":\"https:\\\/\\\/mariupol2022.com\\\/index.php\\\/en\\\/legal-notice\\\/\",\"url\":\"https:\\\/\\\/mariupol2022.com\\\/index.php\\\/en\\\/legal-notice\\\/\",\"name\":\"Legal Notice - Mariupol 2022\",\"isPartOf\":{\"@id\":\"https:\\\/\\\/mariupol2022.com\\\/#website\"},\"datePublished\":\"2024-01-04T22:13:28+00:00\",\"dateModified\":\"2024-02-27T15:46:47+00:00\",\"description\":\"Mentions l\u00e9gales - cr\u00e9dits, h\u00e9bergement, propri\u00e9t\u00e9 intellectuelle, droit applicable - du site Mariupol 2022.\",\"breadcrumb\":{\"@id\":\"https:\\\/\\\/mariupol2022.com\\\/index.php\\\/en\\\/legal-notice\\\/#breadcrumb\"},\"inLanguage\":\"fr-FR\",\"potentialAction\":[{\"@type\":\"ReadAction\",\"target\":[\"https:\\\/\\\/mariupol2022.com\\\/index.php\\\/en\\\/legal-notice\\\/\"]}]},{\"@type\":\"BreadcrumbList\",\"@id\":\"https:\\\/\\\/mariupol2022.com\\\/index.php\\\/en\\\/legal-notice\\\/#breadcrumb\",\"itemListElement\":[{\"@type\":\"ListItem\",\"position\":1,\"name\":\"Accueil\",\"item\":\"https:\\\/\\\/mariupol2022.com\\\/\"},{\"@type\":\"ListItem\",\"position\":2,\"name\":\"Legal Notice\"}]},{\"@type\":\"WebSite\",\"@id\":\"https:\\\/\\\/mariupol2022.com\\\/#website\",\"url\":\"https:\\\/\\\/mariupol2022.com\\\/\",\"name\":\"Mariupol 2022\",\"description\":\"\",\"publisher\":{\"@id\":\"https:\\\/\\\/mariupol2022.com\\\/#organization\"},\"potentialAction\":[{\"@type\":\"SearchAction\",\"target\":{\"@type\":\"EntryPoint\",\"urlTemplate\":\"https:\\\/\\\/mariupol2022.com\\\/?s={search_term_string}\"},\"query-input\":{\"@type\":\"PropertyValueSpecification\",\"valueRequired\":true,\"valueName\":\"search_term_string\"}}],\"inLanguage\":\"fr-FR\"},{\"@type\":\"Organization\",\"@id\":\"https:\\\/\\\/mariupol2022.com\\\/#organization\",\"name\":\"Mariupol 2022\",\"url\":\"https:\\\/\\\/mariupol2022.com\\\/\",\"logo\":{\"@type\":\"ImageObject\",\"inLanguage\":\"fr-FR\",\"@id\":\"https:\\\/\\\/mariupol2022.com\\\/#\\\/schema\\\/logo\\\/image\\\/\",\"url\":\"https:\\\/\\\/mariupol2022.com\\\/wp-content\\\/uploads\\\/2024\\\/01\\\/Olesia-TROFYMENKO.jpeg\",\"contentUrl\":\"https:\\\/\\\/mariupol2022.com\\\/wp-content\\\/uploads\\\/2024\\\/01\\\/Olesia-TROFYMENKO.jpeg\",\"width\":1280,\"height\":590,\"caption\":\"Mariupol 2022\"},\"image\":{\"@id\":\"https:\\\/\\\/mariupol2022.com\\\/#\\\/schema\\\/logo\\\/image\\\/\"}}]}<\/script>\n<!-- \/ Yoast SEO plugin. -->","yoast_head_json":{"title":"Legal Notice - Mariupol 2022","description":"Mentions l\u00e9gales - cr\u00e9dits, h\u00e9bergement, propri\u00e9t\u00e9 intellectuelle, droit applicable - du site Mariupol 2022.","robots":{"index":"index","follow":"follow","max-snippet":"max-snippet:-1","max-image-preview":"max-image-preview:large","max-video-preview":"max-video-preview:-1"},"canonical":"https:\/\/mariupol2022.com\/index.php\/en\/legal-notice\/","og_locale":"fr_FR","og_type":"article","og_title":"Legal Notice - Mariupol 2022","og_description":"Mentions l\u00e9gales - cr\u00e9dits, h\u00e9bergement, propri\u00e9t\u00e9 intellectuelle, droit applicable - du site Mariupol 2022.","og_url":"https:\/\/mariupol2022.com\/index.php\/en\/legal-notice\/","og_site_name":"Mariupol 2022","article_modified_time":"2024-02-27T15:46:47+00:00","twitter_card":"summary_large_image","twitter_misc":{"Dur\u00e9e de lecture estim\u00e9e":"2 minutes"},"schema":{"@context":"https:\/\/schema.org","@graph":[{"@type":"WebPage","@id":"https:\/\/mariupol2022.com\/index.php\/en\/legal-notice\/","url":"https:\/\/mariupol2022.com\/index.php\/en\/legal-notice\/","name":"Legal Notice - Mariupol 2022","isPartOf":{"@id":"https:\/\/mariupol2022.com\/#website"},"datePublished":"2024-01-04T22:13:28+00:00","dateModified":"2024-02-27T15:46:47+00:00","description":"Mentions l\u00e9gales - cr\u00e9dits, h\u00e9bergement, propri\u00e9t\u00e9 intellectuelle, droit applicable - du site Mariupol 2022.","breadcrumb":{"@id":"https:\/\/mariupol2022.com\/index.php\/en\/legal-notice\/#breadcrumb"},"inLanguage":"fr-FR","potentialAction":[{"@type":"ReadAction","target":["https:\/\/mariupol2022.com\/index.php\/en\/legal-notice\/"]}]},{"@type":"BreadcrumbList","@id":"https:\/\/mariupol2022.com\/index.php\/en\/legal-notice\/#breadcrumb","itemListElement":[{"@type":"ListItem","position":1,"name":"Accueil","item":"https:\/\/mariupol2022.com\/"},{"@type":"ListItem","position":2,"name":"Legal Notice"}]},{"@type":"WebSite","@id":"https:\/\/mariupol2022.com\/#website","url":"https:\/\/mariupol2022.com\/","name":"Mariupol 2022","description":"","publisher":{"@id":"https:\/\/mariupol2022.com\/#organization"},"potentialAction":[{"@type":"SearchAction","target":{"@type":"EntryPoint","urlTemplate":"https:\/\/mariupol2022.com\/?s={search_term_string}"},"query-input":{"@type":"PropertyValueSpecification","valueRequired":true,"valueName":"search_term_string"}}],"inLanguage":"fr-FR"},{"@type":"Organization","@id":"https:\/\/mariupol2022.com\/#organization","name":"Mariupol 2022","url":"https:\/\/mariupol2022.com\/","logo":{"@type":"ImageObject","inLanguage":"fr-FR","@id":"https:\/\/mariupol2022.com\/#\/schema\/logo\/image\/","url":"https:\/\/mariupol2022.com\/wp-content\/uploads\/2024\/01\/Olesia-TROFYMENKO.jpeg","contentUrl":"https:\/\/mariupol2022.com\/wp-content\/uploads\/2024\/01\/Olesia-TROFYMENKO.jpeg","width":1280,"height":590,"caption":"Mariupol 2022"},"image":{"@id":"https:\/\/mariupol2022.com\/#\/schema\/logo\/image\/"}}]}},"jetpack_sharing_enabled":true,"_links":{"self":[{"href":"https:\/\/mariupol2022.com\/index.php\/wp-json\/wp\/v2\/pages\/1290","targetHints":{"allow":["GET"]}}],"collection":[{"href":"https:\/\/mariupol2022.com\/index.php\/wp-json\/wp\/v2\/pages"}],"about":[{"href":"https:\/\/mariupol2022.com\/index.php\/wp-json\/wp\/v2\/types\/page"}],"author":[{"embeddable":true,"href":"https:\/\/mariupol2022.com\/index.php\/wp-json\/wp\/v2\/users\/1"}],"replies":[{"embeddable":true,"href":"https:\/\/mariupol2022.com\/index.php\/wp-json\/wp\/v2\/comments?post=1290"}],"version-history":[{"count":7,"href":"https:\/\/mariupol2022.com\/index.php\/wp-json\/wp\/v2\/pages\/1290\/revisions"}],"predecessor-version":[{"id":1297,"href":"https:\/\/mariupol2022.com\/index.php\/wp-json\/wp\/v2\/pages\/1290\/revisions\/1297"}],"wp:attachment":[{"href":"https:\/\/mariupol2022.com\/index.php\/wp-json\/wp\/v2\/media?parent=1290"}],"curies":[{"name":"wp","href":"https:\/\/api.w.org\/{rel}","templated":true}]}}