{"id":1298,"date":"2023-12-22T14:54:18","date_gmt":"2023-12-22T13:54:18","guid":{"rendered":"https:\/\/mariupol2022.com\/?page_id=1298"},"modified":"2024-02-27T17:23:42","modified_gmt":"2024-02-27T16:23:42","slug":"privacy-polity","status":"publish","type":"page","link":"https:\/\/mariupol2022.com\/index.php\/en\/privacy-polity\/","title":{"rendered":"Privacy Polity"},"content":{"rendered":"\t\t<div data-elementor-type=\"wp-page\" data-elementor-id=\"1298\" class=\"elementor elementor-1298\">\n\t\t\t\t\t\t<section class=\"elementor-section elementor-top-section elementor-element elementor-element-62577f82 elementor-section-boxed elementor-section-height-default elementor-section-height-default\" data-id=\"62577f82\" data-element_type=\"section\" data-e-type=\"section\">\n\t\t\t\t\t\t<div class=\"elementor-container elementor-column-gap-default\">\n\t\t\t\t\t<div class=\"elementor-column elementor-col-100 elementor-top-column elementor-element elementor-element-221114f1\" data-id=\"221114f1\" data-element_type=\"column\" data-e-type=\"column\">\n\t\t\t<div class=\"elementor-widget-wrap elementor-element-populated\">\n\t\t\t\t\t\t<div class=\"elementor-element elementor-element-efb8308 elementor-widget elementor-widget-heading\" data-id=\"efb8308\" data-element_type=\"widget\" data-e-type=\"widget\" data-widget_type=\"heading.default\">\n\t\t\t\t<div class=\"elementor-widget-container\">\n\t\t\t\t\t<h2 class=\"elementor-heading-title elementor-size-default\">Who are-we ?<\/h2>\t\t\t\t<\/div>\n\t\t\t\t<\/div>\n\t\t\t\t<div class=\"elementor-element elementor-element-b3fed0c elementor-widget elementor-widget-text-editor\" data-id=\"b3fed0c\" data-element_type=\"widget\" data-e-type=\"widget\" data-widget_type=\"text-editor.default\">\n\t\t\t\t<div class=\"elementor-widget-container\">\n\t\t\t\t\t\t\t\t\t<p>For more information please visit the\u00a0<a href=\"https:\/\/mariupol2022.com\/index.php\/en\/legal-notice\/\" target=\"_blank\" rel=\"noopener\">Legal Notice<\/a>.<\/p><p>The address of our website is : <a href=\"https:\/\/mariupol2022.com\" target=\"_blank\" rel=\"noopener\">https:\/\/mariupol2022.com<\/a><\/p>\t\t\t\t\t\t\t\t<\/div>\n\t\t\t\t<\/div>\n\t\t\t\t<div class=\"elementor-element elementor-element-90771d1 elementor-widget elementor-widget-heading\" data-id=\"90771d1\" data-element_type=\"widget\" data-e-type=\"widget\" data-widget_type=\"heading.default\">\n\t\t\t\t<div class=\"elementor-widget-container\">\n\t\t\t\t\t<h2 class=\"elementor-heading-title elementor-size-default\">Contact Form<\/h2>\t\t\t\t<\/div>\n\t\t\t\t<\/div>\n\t\t\t\t<div class=\"elementor-element elementor-element-0669c40 elementor-widget elementor-widget-text-editor\" data-id=\"0669c40\" data-element_type=\"widget\" data-e-type=\"widget\" data-widget_type=\"text-editor.default\">\n\t\t\t\t<div class=\"elementor-widget-container\">\n\t\t\t\t\t\t\t\t\t<p><span style=\"font-family: -apple-system, BlinkMacSystemFont, 'Segoe UI', Roboto, Oxygen-Sans, Ubuntu, Cantarell, 'Helvetica Neue', sans-serif; font-size: medium;\">When you use the contact form, your email address and name are requested to facilitate our response. Your data is only retained in the email inbox for the duration of the necessary exchanges. The email inbox is hosted an secured by OVH.<\/span><\/p>\t\t\t\t\t\t\t\t<\/div>\n\t\t\t\t<\/div>\n\t\t\t\t<div class=\"elementor-element elementor-element-774e163 elementor-widget elementor-widget-heading\" data-id=\"774e163\" data-element_type=\"widget\" data-e-type=\"widget\" data-widget_type=\"heading.default\">\n\t\t\t\t<div class=\"elementor-widget-container\">\n\t\t\t\t\t<h2 class=\"elementor-heading-title elementor-size-default\">Protection of Personal Data<\/h2>\t\t\t\t<\/div>\n\t\t\t\t<\/div>\n\t\t\t\t<div class=\"elementor-element elementor-element-752e444 elementor-widget elementor-widget-text-editor\" data-id=\"752e444\" data-element_type=\"widget\" data-e-type=\"widget\" data-widget_type=\"text-editor.default\">\n\t\t\t\t<div class=\"elementor-widget-container\">\n\t\t\t\t\t\t\t\t\t<p style=\"border: 0px; font-size: 17px; margin: 0px 0px 1em; outline: 0px; padding: 0px; vertical-align: baseline; font-family: -apple-system, BlinkMacSystemFont, 'Segoe UI', Roboto, Oxygen-Sans, Ubuntu, Cantarell, 'Helvetica Neue', sans-serif;\">The site is accessible to the user without requiring any identification or provision of personal information.<\/p><p style=\"border: 0px; font-size: 17px; margin: 0px 0px 1em; outline: 0px; padding: 0px; vertical-align: baseline; font-family: -apple-system, BlinkMacSystemFont, 'Segoe UI', Roboto, Oxygen-Sans, Ubuntu, Cantarell, 'Helvetica Neue', sans-serif;\">The data collected through the contact form is necessary to respond to user inquiries. The editor or the publisher does not sell, rent, or lease the contact details and email addresses of users who have contacted them.<\/p><p style=\"border: 0px; font-size: 17px; margin: 0px 0px 1em; outline: 0px; padding: 0px; vertical-align: baseline; caret-color: #494b51; color: #494b51; font-family: -apple-system, BlinkMacSystemFont, 'Segoe UI', Roboto, Oxygen-Sans, Ubuntu, Cantarell, 'Helvetica Neue', sans-serif;\"><span style=\"caret-color: #000000; color: #000000; font-size: medium;\">During the use of the site, the following datas are collected :<\/span><\/p><ul style=\"font-size: 17px; margin: 0px 0px 1.5em 3em; padding: 0px; list-style: outside; caret-color: #494b51; color: #494b51; font-family: -apple-system, BlinkMacSystemFont, 'Segoe UI', Roboto, Oxygen-Sans, Ubuntu, Cantarell, 'Helvetica Neue', sans-serif;\"><li style=\"font-size: 17px; font-style: inherit; margin: 0px; padding: 0px;\"><span style=\"caret-color: #000000; color: #000000; font-size: medium; font-style: inherit;\">The Internet URL addresses through which the user accessed the website,<\/span><\/li><li style=\"font-size: 17px; font-style: inherit; margin: 0px; padding: 0px;\"><span style=\"caret-color: #000000; color: #000000; font-size: medium; font-style: inherit;\">The user&rsquo;s internet service provider,<\/span><\/li><li style=\"font-size: 17px; font-style: inherit; margin: 0px; padding: 0px;\"><span style=\"caret-color: #000000; color: #000000; font-size: medium;\">The user&rsquo;s Internet Protocol (IP) address.<\/span><\/li><\/ul>\t\t\t\t\t\t\t\t<\/div>\n\t\t\t\t<\/div>\n\t\t\t\t<div class=\"elementor-element elementor-element-48df895 elementor-widget elementor-widget-heading\" data-id=\"48df895\" data-element_type=\"widget\" data-e-type=\"widget\" data-widget_type=\"heading.default\">\n\t\t\t\t<div class=\"elementor-widget-container\">\n\t\t\t\t\t<h2 class=\"elementor-heading-title elementor-size-default\">Cookies <\/h2>\t\t\t\t<\/div>\n\t\t\t\t<\/div>\n\t\t\t\t<div class=\"elementor-element elementor-element-a1e3635 elementor-widget elementor-widget-text-editor\" data-id=\"a1e3635\" data-element_type=\"widget\" data-e-type=\"widget\" data-widget_type=\"text-editor.default\">\n\t\t\t\t<div class=\"elementor-widget-container\">\n\t\t\t\t\t\t\t\t\t<p>The cookies utilized on the site serve the sole purpose of audience measurement analysis to detect navigation issues and to monitor and improve the quality of services offered to users.<\/p><p><strong>We do not control social media sharing cookies.<\/strong><\/p><p>We encourage you to review the privacy policies specific to each social media site to understand the purposes for which they may collect browsing information.<\/p>\t\t\t\t\t\t\t\t<\/div>\n\t\t\t\t<\/div>\n\t\t\t\t<div class=\"elementor-element elementor-element-1c9d7bc elementor-widget elementor-widget-heading\" data-id=\"1c9d7bc\" data-element_type=\"widget\" data-e-type=\"widget\" data-widget_type=\"heading.default\">\n\t\t\t\t<div class=\"elementor-widget-container\">\n\t\t\t\t\t<h2 class=\"elementor-heading-title elementor-size-default\">Embedded Content from Other Sites<\/h2>\t\t\t\t<\/div>\n\t\t\t\t<\/div>\n\t\t\t\t<div class=\"elementor-element elementor-element-b4e2ddd elementor-widget elementor-widget-text-editor\" data-id=\"b4e2ddd\" data-element_type=\"widget\" data-e-type=\"widget\" data-widget_type=\"text-editor.default\">\n\t\t\t\t<div class=\"elementor-widget-container\">\n\t\t\t\t\t\t\t\t\t<p>The articles on this site may include embedded content (such as videos, images, articles, etc.). Embedded content from other websites behaves in the same way as if the visitor were visiting that other site.<\/p><p>These websites may collect data about you, use cookies, embed third-party tracking tools, and monitor your interactions with embedded content if you have an account and are logged in to their website.<\/p>\t\t\t\t\t\t\t\t<\/div>\n\t\t\t\t<\/div>\n\t\t\t\t<div class=\"elementor-element elementor-element-ec3d47a elementor-widget elementor-widget-heading\" data-id=\"ec3d47a\" data-element_type=\"widget\" data-e-type=\"widget\" data-widget_type=\"heading.default\">\n\t\t\t\t<div class=\"elementor-widget-container\">\n\t\t\t\t\t<h2 class=\"elementor-heading-title elementor-size-default\">Your Rights Regarding Your Data<\/h2>\t\t\t\t<\/div>\n\t\t\t\t<\/div>\n\t\t\t\t<div class=\"elementor-element elementor-element-e68dd12 elementor-widget elementor-widget-text-editor\" data-id=\"e68dd12\" data-element_type=\"widget\" data-e-type=\"widget\" data-widget_type=\"text-editor.default\">\n\t\t\t\t<div class=\"elementor-widget-container\">\n\t\t\t\t\t\t\t\t\t<p>You have the right to access, modify, correct, and delete data about you.<\/p><p>You can request the deletion of your personal data. However, this does not apply to data stored for administrative, legal, or security reasons.<\/p>\t\t\t\t\t\t\t\t<\/div>\n\t\t\t\t<\/div>\n\t\t\t\t<div class=\"elementor-element elementor-element-8b18e0e elementor-widget elementor-widget-heading\" data-id=\"8b18e0e\" data-element_type=\"widget\" data-e-type=\"widget\" data-widget_type=\"heading.default\">\n\t\t\t\t<div class=\"elementor-widget-container\">\n\t\t\t\t\t<h2 class=\"elementor-heading-title elementor-size-default\">Transmission of your Personal Data<\/h2>\t\t\t\t<\/div>\n\t\t\t\t<\/div>\n\t\t\t\t<div class=\"elementor-element elementor-element-fa44add elementor-widget elementor-widget-text-editor\" data-id=\"fa44add\" data-element_type=\"widget\" data-e-type=\"widget\" data-widget_type=\"text-editor.default\">\n\t\t\t\t<div class=\"elementor-widget-container\">\n\t\t\t\t\t\t\t\t\t<p>We prioritize privacy, and no personal information of the site user is:<\/p><ul><li>Collected without the user&rsquo;s knowledge,<\/li><li>Published without the user&rsquo;s knowledge,<\/li><li>Exchanged, transferred, assigned, or sold on any media to third parties.<\/li><\/ul>\t\t\t\t\t\t\t\t<\/div>\n\t\t\t\t<\/div>\n\t\t\t\t\t<\/div>\n\t\t<\/div>\n\t\t\t\t\t<\/div>\n\t\t<\/section>\n\t\t\t\t<\/div>\n\t\t","protected":false},"excerpt":{"rendered":"<p>Who are-we ? For more information please visit the\u00a0Legal Notice. The address of our website is : https:\/\/mariupol2022.com Contact Form When you use the contact form, your email address and name are requested to facilitate our response. Your data is only retained in the email inbox for the duration of the necessary exchanges. The email [&hellip;]<\/p>\n","protected":false},"author":1,"featured_media":0,"parent":0,"menu_order":0,"comment_status":"closed","ping_status":"closed","template":"","meta":{"_monsterinsights_skip_tracking":false,"_monsterinsights_sitenote_active":false,"_monsterinsights_sitenote_note":"","_monsterinsights_sitenote_category":0,"_uf_show_specific_survey":0,"_uf_disable_surveys":false,"footnotes":""},"class_list":["post-1298","page","type-page","status-publish","hentry"],"yoast_head":"<!-- This site is optimized with the Yoast SEO plugin v27.4 - https:\/\/yoast.com\/product\/yoast-seo-wordpress\/ -->\n<title>Privacy Polity - Mariupol 2022<\/title>\n<meta name=\"description\" content=\"La page traitant de la politique de confidentialit\u00e9 du site Mariupole2022.com, conform\u00e9ment aux directives europ\u00e9ennes du RGPD.\" \/>\n<meta name=\"robots\" content=\"index, follow, max-snippet:-1, max-image-preview:large, max-video-preview:-1\" \/>\n<link rel=\"canonical\" href=\"https:\/\/mariupol2022.com\/index.php\/en\/privacy-polity\/\" \/>\n<meta property=\"og:locale\" content=\"fr_FR\" \/>\n<meta property=\"og:type\" content=\"article\" \/>\n<meta property=\"og:title\" content=\"Privacy Polity - Mariupol 2022\" \/>\n<meta property=\"og:description\" content=\"La page traitant de la politique de confidentialit\u00e9 du site Mariupole2022.com, conform\u00e9ment aux directives europ\u00e9ennes du RGPD.\" \/>\n<meta property=\"og:url\" content=\"https:\/\/mariupol2022.com\/index.php\/en\/privacy-polity\/\" \/>\n<meta property=\"og:site_name\" content=\"Mariupol 2022\" \/>\n<meta property=\"article:modified_time\" content=\"2024-02-27T16:23:42+00:00\" \/>\n<meta name=\"twitter:card\" content=\"summary_large_image\" \/>\n<meta name=\"twitter:label1\" content=\"Dur\u00e9e de lecture estim\u00e9e\" \/>\n\t<meta name=\"twitter:data1\" content=\"2 minutes\" \/>\n<script type=\"application\/ld+json\" class=\"yoast-schema-graph\">{\"@context\":\"https:\\\/\\\/schema.org\",\"@graph\":[{\"@type\":\"WebPage\",\"@id\":\"https:\\\/\\\/mariupol2022.com\\\/index.php\\\/en\\\/privacy-polity\\\/\",\"url\":\"https:\\\/\\\/mariupol2022.com\\\/index.php\\\/en\\\/privacy-polity\\\/\",\"name\":\"Privacy Polity - Mariupol 2022\",\"isPartOf\":{\"@id\":\"https:\\\/\\\/mariupol2022.com\\\/#website\"},\"datePublished\":\"2023-12-22T13:54:18+00:00\",\"dateModified\":\"2024-02-27T16:23:42+00:00\",\"description\":\"La page traitant de la politique de confidentialit\u00e9 du site Mariupole2022.com, conform\u00e9ment aux directives europ\u00e9ennes du RGPD.\",\"breadcrumb\":{\"@id\":\"https:\\\/\\\/mariupol2022.com\\\/index.php\\\/en\\\/privacy-polity\\\/#breadcrumb\"},\"inLanguage\":\"fr-FR\",\"potentialAction\":[{\"@type\":\"ReadAction\",\"target\":[\"https:\\\/\\\/mariupol2022.com\\\/index.php\\\/en\\\/privacy-polity\\\/\"]}]},{\"@type\":\"BreadcrumbList\",\"@id\":\"https:\\\/\\\/mariupol2022.com\\\/index.php\\\/en\\\/privacy-polity\\\/#breadcrumb\",\"itemListElement\":[{\"@type\":\"ListItem\",\"position\":1,\"name\":\"Accueil\",\"item\":\"https:\\\/\\\/mariupol2022.com\\\/\"},{\"@type\":\"ListItem\",\"position\":2,\"name\":\"Privacy Polity\"}]},{\"@type\":\"WebSite\",\"@id\":\"https:\\\/\\\/mariupol2022.com\\\/#website\",\"url\":\"https:\\\/\\\/mariupol2022.com\\\/\",\"name\":\"Mariupol 2022\",\"description\":\"\",\"publisher\":{\"@id\":\"https:\\\/\\\/mariupol2022.com\\\/#organization\"},\"potentialAction\":[{\"@type\":\"SearchAction\",\"target\":{\"@type\":\"EntryPoint\",\"urlTemplate\":\"https:\\\/\\\/mariupol2022.com\\\/?s={search_term_string}\"},\"query-input\":{\"@type\":\"PropertyValueSpecification\",\"valueRequired\":true,\"valueName\":\"search_term_string\"}}],\"inLanguage\":\"fr-FR\"},{\"@type\":\"Organization\",\"@id\":\"https:\\\/\\\/mariupol2022.com\\\/#organization\",\"name\":\"Mariupol 2022\",\"url\":\"https:\\\/\\\/mariupol2022.com\\\/\",\"logo\":{\"@type\":\"ImageObject\",\"inLanguage\":\"fr-FR\",\"@id\":\"https:\\\/\\\/mariupol2022.com\\\/#\\\/schema\\\/logo\\\/image\\\/\",\"url\":\"https:\\\/\\\/mariupol2022.com\\\/wp-content\\\/uploads\\\/2024\\\/01\\\/Olesia-TROFYMENKO.jpeg\",\"contentUrl\":\"https:\\\/\\\/mariupol2022.com\\\/wp-content\\\/uploads\\\/2024\\\/01\\\/Olesia-TROFYMENKO.jpeg\",\"width\":1280,\"height\":590,\"caption\":\"Mariupol 2022\"},\"image\":{\"@id\":\"https:\\\/\\\/mariupol2022.com\\\/#\\\/schema\\\/logo\\\/image\\\/\"}}]}<\/script>\n<!-- \/ Yoast SEO plugin. -->","yoast_head_json":{"title":"Privacy Polity - Mariupol 2022","description":"La page traitant de la politique de confidentialit\u00e9 du site Mariupole2022.com, conform\u00e9ment aux directives europ\u00e9ennes du RGPD.","robots":{"index":"index","follow":"follow","max-snippet":"max-snippet:-1","max-image-preview":"max-image-preview:large","max-video-preview":"max-video-preview:-1"},"canonical":"https:\/\/mariupol2022.com\/index.php\/en\/privacy-polity\/","og_locale":"fr_FR","og_type":"article","og_title":"Privacy Polity - Mariupol 2022","og_description":"La page traitant de la politique de confidentialit\u00e9 du site Mariupole2022.com, conform\u00e9ment aux directives europ\u00e9ennes du RGPD.","og_url":"https:\/\/mariupol2022.com\/index.php\/en\/privacy-polity\/","og_site_name":"Mariupol 2022","article_modified_time":"2024-02-27T16:23:42+00:00","twitter_card":"summary_large_image","twitter_misc":{"Dur\u00e9e de lecture estim\u00e9e":"2 minutes"},"schema":{"@context":"https:\/\/schema.org","@graph":[{"@type":"WebPage","@id":"https:\/\/mariupol2022.com\/index.php\/en\/privacy-polity\/","url":"https:\/\/mariupol2022.com\/index.php\/en\/privacy-polity\/","name":"Privacy Polity - Mariupol 2022","isPartOf":{"@id":"https:\/\/mariupol2022.com\/#website"},"datePublished":"2023-12-22T13:54:18+00:00","dateModified":"2024-02-27T16:23:42+00:00","description":"La page traitant de la politique de confidentialit\u00e9 du site Mariupole2022.com, conform\u00e9ment aux directives europ\u00e9ennes du RGPD.","breadcrumb":{"@id":"https:\/\/mariupol2022.com\/index.php\/en\/privacy-polity\/#breadcrumb"},"inLanguage":"fr-FR","potentialAction":[{"@type":"ReadAction","target":["https:\/\/mariupol2022.com\/index.php\/en\/privacy-polity\/"]}]},{"@type":"BreadcrumbList","@id":"https:\/\/mariupol2022.com\/index.php\/en\/privacy-polity\/#breadcrumb","itemListElement":[{"@type":"ListItem","position":1,"name":"Accueil","item":"https:\/\/mariupol2022.com\/"},{"@type":"ListItem","position":2,"name":"Privacy Polity"}]},{"@type":"WebSite","@id":"https:\/\/mariupol2022.com\/#website","url":"https:\/\/mariupol2022.com\/","name":"Mariupol 2022","description":"","publisher":{"@id":"https:\/\/mariupol2022.com\/#organization"},"potentialAction":[{"@type":"SearchAction","target":{"@type":"EntryPoint","urlTemplate":"https:\/\/mariupol2022.com\/?s={search_term_string}"},"query-input":{"@type":"PropertyValueSpecification","valueRequired":true,"valueName":"search_term_string"}}],"inLanguage":"fr-FR"},{"@type":"Organization","@id":"https:\/\/mariupol2022.com\/#organization","name":"Mariupol 2022","url":"https:\/\/mariupol2022.com\/","logo":{"@type":"ImageObject","inLanguage":"fr-FR","@id":"https:\/\/mariupol2022.com\/#\/schema\/logo\/image\/","url":"https:\/\/mariupol2022.com\/wp-content\/uploads\/2024\/01\/Olesia-TROFYMENKO.jpeg","contentUrl":"https:\/\/mariupol2022.com\/wp-content\/uploads\/2024\/01\/Olesia-TROFYMENKO.jpeg","width":1280,"height":590,"caption":"Mariupol 2022"},"image":{"@id":"https:\/\/mariupol2022.com\/#\/schema\/logo\/image\/"}}]}},"jetpack_sharing_enabled":true,"_links":{"self":[{"href":"https:\/\/mariupol2022.com\/index.php\/wp-json\/wp\/v2\/pages\/1298","targetHints":{"allow":["GET"]}}],"collection":[{"href":"https:\/\/mariupol2022.com\/index.php\/wp-json\/wp\/v2\/pages"}],"about":[{"href":"https:\/\/mariupol2022.com\/index.php\/wp-json\/wp\/v2\/types\/page"}],"author":[{"embeddable":true,"href":"https:\/\/mariupol2022.com\/index.php\/wp-json\/wp\/v2\/users\/1"}],"replies":[{"embeddable":true,"href":"https:\/\/mariupol2022.com\/index.php\/wp-json\/wp\/v2\/comments?post=1298"}],"version-history":[{"count":13,"href":"https:\/\/mariupol2022.com\/index.php\/wp-json\/wp\/v2\/pages\/1298\/revisions"}],"predecessor-version":[{"id":1314,"href":"https:\/\/mariupol2022.com\/index.php\/wp-json\/wp\/v2\/pages\/1298\/revisions\/1314"}],"wp:attachment":[{"href":"https:\/\/mariupol2022.com\/index.php\/wp-json\/wp\/v2\/media?parent=1298"}],"curies":[{"name":"wp","href":"https:\/\/api.w.org\/{rel}","templated":true}]}}