{"id":3,"date":"2023-12-22T14:54:18","date_gmt":"2023-12-22T13:54:18","guid":{"rendered":"http:\/\/mariupol2022.com\/?page_id=3"},"modified":"2024-01-07T18:51:20","modified_gmt":"2024-01-07T17:51:20","slug":"politique-de-confidentialite","status":"publish","type":"page","link":"https:\/\/mariupol2022.com\/index.php\/politique-de-confidentialite\/","title":{"rendered":"Politique de confidentialit\u00e9"},"content":{"rendered":"\t\t<div data-elementor-type=\"wp-page\" data-elementor-id=\"3\" class=\"elementor elementor-3\">\n\t\t\t\t\t\t<section class=\"elementor-section elementor-top-section elementor-element elementor-element-62577f82 elementor-section-boxed elementor-section-height-default elementor-section-height-default\" data-id=\"62577f82\" data-element_type=\"section\" data-e-type=\"section\">\n\t\t\t\t\t\t<div class=\"elementor-container elementor-column-gap-default\">\n\t\t\t\t\t<div class=\"elementor-column elementor-col-100 elementor-top-column elementor-element elementor-element-221114f1\" data-id=\"221114f1\" data-element_type=\"column\" data-e-type=\"column\">\n\t\t\t<div class=\"elementor-widget-wrap elementor-element-populated\">\n\t\t\t\t\t\t<div class=\"elementor-element elementor-element-efb8308 elementor-widget elementor-widget-heading\" data-id=\"efb8308\" data-element_type=\"widget\" data-e-type=\"widget\" data-widget_type=\"heading.default\">\n\t\t\t\t<div class=\"elementor-widget-container\">\n\t\t\t\t\t<h2 class=\"elementor-heading-title elementor-size-default\">Qui sommes-nous ?<\/h2>\t\t\t\t<\/div>\n\t\t\t\t<\/div>\n\t\t\t\t<div class=\"elementor-element elementor-element-b3fed0c elementor-widget elementor-widget-text-editor\" data-id=\"b3fed0c\" data-element_type=\"widget\" data-e-type=\"widget\" data-widget_type=\"text-editor.default\">\n\t\t\t\t<div class=\"elementor-widget-container\">\n\t\t\t\t\t\t\t\t\t<p>Pour en savoir plus, veuillez vous rendre sur la page des <a href=\"https:\/\/mariupol2022.com\/index.php\/mentions-legales\/\" target=\"_blank\" rel=\"noopener\">mentions l\u00e9gales<\/a>.<\/p>\n<p>L&rsquo;adresse de notre site web est : <a href=\"https:\/\/mariupol2022.com\" target=\"_blank\" rel=\"noopener\">https:\/\/mariupol2022.com<\/a><\/p>\t\t\t\t\t\t\t\t<\/div>\n\t\t\t\t<\/div>\n\t\t\t\t<div class=\"elementor-element elementor-element-90771d1 elementor-widget elementor-widget-heading\" data-id=\"90771d1\" data-element_type=\"widget\" data-e-type=\"widget\" data-widget_type=\"heading.default\">\n\t\t\t\t<div class=\"elementor-widget-container\">\n\t\t\t\t\t<h2 class=\"elementor-heading-title elementor-size-default\">Formulaire de contact<\/h2>\t\t\t\t<\/div>\n\t\t\t\t<\/div>\n\t\t\t\t<div class=\"elementor-element elementor-element-0669c40 elementor-widget elementor-widget-text-editor\" data-id=\"0669c40\" data-element_type=\"widget\" data-e-type=\"widget\" data-widget_type=\"text-editor.default\">\n\t\t\t\t<div class=\"elementor-widget-container\">\n\t\t\t\t\t\t\t\t\t<p><span style=\"font-family: -apple-system, BlinkMacSystemFont, 'Segoe UI', Roboto, Oxygen-Sans, Ubuntu, Cantarell, 'Helvetica Neue', sans-serif; font-size: medium;\">Quand vous utilisez le formulaire de contact, votre adresse e-mail et votre nom sont demand\u00e9s afin de pouvoir vous r\u00e9pondre. Vos donn\u00e9es sont uniquement conserv\u00e9es dans la boite mail le temps des \u00e9changes n\u00e9cessaires. La bo\u00eete mail est h\u00e9berg\u00e9e et prot\u00e9g\u00e9e par OVH.<\/span><\/p>\t\t\t\t\t\t\t\t<\/div>\n\t\t\t\t<\/div>\n\t\t\t\t<div class=\"elementor-element elementor-element-774e163 elementor-widget elementor-widget-heading\" data-id=\"774e163\" data-element_type=\"widget\" data-e-type=\"widget\" data-widget_type=\"heading.default\">\n\t\t\t\t<div class=\"elementor-widget-container\">\n\t\t\t\t\t<h2 class=\"elementor-heading-title elementor-size-default\">Protection des donn\u00e9es personnelles<\/h2>\t\t\t\t<\/div>\n\t\t\t\t<\/div>\n\t\t\t\t<div class=\"elementor-element elementor-element-752e444 elementor-widget elementor-widget-text-editor\" data-id=\"752e444\" data-element_type=\"widget\" data-e-type=\"widget\" data-widget_type=\"text-editor.default\">\n\t\t\t\t<div class=\"elementor-widget-container\">\n\t\t\t\t\t\t\t\t\t<p style=\"border: 0px; font-size: 17px; margin: 0px 0px 1em; outline: 0px; padding: 0px; vertical-align: baseline; font-family: -apple-system, BlinkMacSystemFont, 'Segoe UI', Roboto, Oxygen-Sans, Ubuntu, Cantarell, 'Helvetica Neue', sans-serif;\">Le site est consultable par l&rsquo;utilisateur sans donner son identification ou la moindre information le concernant.<\/p>\n<p style=\"border: 0px; font-size: 17px; margin: 0px 0px 1em; outline: 0px; padding: 0px; vertical-align: baseline; font-family: -apple-system, BlinkMacSystemFont, 'Segoe UI', Roboto, Oxygen-Sans, Ubuntu, Cantarell, 'Helvetica Neue', sans-serif;\">Les donn\u00e9es collect\u00e9es par l&rsquo;interm\u00e9diaire du formulaire de contact sont n\u00e9cessaires pour r\u00e9pondre aux demandes de renseignements effectu\u00e9es par l&rsquo;utilisateur.<br>L&rsquo;\u00e9diteur ou le directeur de publication ne vend pas, ne loue pas ou ne c\u00e8de pas \u00e0 bail les coordonn\u00e9es et adresses mails des utilisateurs les ayant contact\u00e9s.&nbsp;<\/p>\n<p style=\"border: 0px; font-size: 17px; margin: 0px 0px 1em; outline: 0px; padding: 0px; vertical-align: baseline; caret-color: #494b51; color: #494b51; font-family: -apple-system, BlinkMacSystemFont, 'Segoe UI', Roboto, Oxygen-Sans, Ubuntu, Cantarell, 'Helvetica Neue', sans-serif;\"><span style=\"caret-color: #000000; color: #000000; font-size: medium;\">\u00c0 l&rsquo;occasion de l&rsquo;utilisation du site, sont notamment recueillies les donn\u00e9es suivantes :<\/span><\/p>\n<ul style=\"font-size: 17px; margin: 0px 0px 1.5em 3em; padding: 0px; list-style: outside; caret-color: #494b51; color: #494b51; font-family: -apple-system, BlinkMacSystemFont, 'Segoe UI', Roboto, Oxygen-Sans, Ubuntu, Cantarell, 'Helvetica Neue', sans-serif;\">\n<li style=\"font-size: 17px; font-style: inherit; margin: 0px; padding: 0px;\"><span style=\"caret-color: #000000; color: #000000; font-size: medium;\">l&rsquo;adresse Internet URL des liens par l&rsquo;interm\u00e9diaire desquels l&rsquo;utilisateur a acc\u00e9d\u00e9 au site,<\/span><\/li>\n<li style=\"font-size: 17px; font-style: inherit; margin: 0px; padding: 0px;\"><span style=\"caret-color: #000000; color: #000000; font-size: medium;\">le fournisseur d&rsquo;acc\u00e8s de l&rsquo;utilisateur,<br><\/span><\/li>\n<li style=\"font-size: 17px; font-style: inherit; margin: 0px; padding: 0px;\"><span style=\"caret-color: #000000; color: #000000; font-size: medium;\">l&rsquo;adresse de protocole Internet (IP) de l&rsquo;utilisateur.<\/span><\/li>\n<\/ul>\t\t\t\t\t\t\t\t<\/div>\n\t\t\t\t<\/div>\n\t\t\t\t<div class=\"elementor-element elementor-element-48df895 elementor-widget elementor-widget-heading\" data-id=\"48df895\" data-element_type=\"widget\" data-e-type=\"widget\" data-widget_type=\"heading.default\">\n\t\t\t\t<div class=\"elementor-widget-container\">\n\t\t\t\t\t<h2 class=\"elementor-heading-title elementor-size-default\">Les cookies <\/h2>\t\t\t\t<\/div>\n\t\t\t\t<\/div>\n\t\t\t\t<div class=\"elementor-element elementor-element-a1e3635 elementor-widget elementor-widget-text-editor\" data-id=\"a1e3635\" data-element_type=\"widget\" data-e-type=\"widget\" data-widget_type=\"text-editor.default\">\n\t\t\t\t<div class=\"elementor-widget-container\">\n\t\t\t\t\t\t\t\t\t<p style=\"border: 0px; font-size: 17px; margin: 0px 0px 1em; outline: 0px; padding: 0px; vertical-align: baseline; font-family: -apple-system, BlinkMacSystemFont, 'Segoe UI', Roboto, Oxygen-Sans, Ubuntu, Cantarell, 'Helvetica Neue', sans-serif;\">Les cookies exploit\u00e9s sur le site ont pour seule fonction l&rsquo;analyse de mesure d&rsquo;audience pour d\u00e9tecter des probl\u00e8mes de navigation afin de suivre et d&rsquo;am\u00e9liorer la qualit\u00e9 des services propos\u00e9s aux utilisateurs.<\/p>\n<p style=\"border: 0px; font-size: 17px; margin: 0px 0px 1em; outline: 0px; padding: 0px; vertical-align: baseline; font-family: -apple-system, BlinkMacSystemFont, 'Segoe UI', Roboto, Oxygen-Sans, Ubuntu, Cantarell, 'Helvetica Neue', sans-serif;\"><b>Nous n&rsquo;avons pas la ma\u00eetrise des cookies de partage des r\u00e9seaux sociaux.<\/b><\/p>\n<p style=\"border: 0px; font-size: 17px; margin: 0px 0px 1em; outline: 0px; padding: 0px; vertical-align: baseline; font-family: -apple-system, BlinkMacSystemFont, 'Segoe UI', Roboto, Oxygen-Sans, Ubuntu, Cantarell, 'Helvetica Neue', sans-serif;\"><span style=\"font-size: medium;\">Nous vous invitons \u00e0 consulter les politiques de confidentialit\u00e9 propres \u00e0 chacun des sites de r\u00e9seaux sociaux, afin de prendre connaissance des finalit\u00e9s d&rsquo;utilisation des informations de navigation qu&rsquo;ils peuvent recueillir.<\/span><\/p>\t\t\t\t\t\t\t\t<\/div>\n\t\t\t\t<\/div>\n\t\t\t\t<div class=\"elementor-element elementor-element-1c9d7bc elementor-widget elementor-widget-heading\" data-id=\"1c9d7bc\" data-element_type=\"widget\" data-e-type=\"widget\" data-widget_type=\"heading.default\">\n\t\t\t\t<div class=\"elementor-widget-container\">\n\t\t\t\t\t<h2 class=\"elementor-heading-title elementor-size-default\">Contenu embarqu\u00e9 depuis d'autres sites<\/h2>\t\t\t\t<\/div>\n\t\t\t\t<\/div>\n\t\t\t\t<div class=\"elementor-element elementor-element-b4e2ddd elementor-widget elementor-widget-text-editor\" data-id=\"b4e2ddd\" data-element_type=\"widget\" data-e-type=\"widget\" data-widget_type=\"text-editor.default\">\n\t\t\t\t<div class=\"elementor-widget-container\">\n\t\t\t\t\t\t\t\t\t<p>Les articles de ce site peuvent inclure des contenus int\u00e9gr\u00e9s (par exemple des vid\u00e9os, images, articles\u2026). Le contenu int\u00e9gr\u00e9 depuis d\u2019autres sites se comporte de la m\u00eame mani\u00e8re que si le visiteur se rendait sur cet autre site.<\/p>\n<p><span style=\"font-family: var( --e-global-typography-text-font-family ), Sans-serif; font-size: 1rem;\">Ces sites web pourraient collecter des donn\u00e9es sur vous, utiliser des cookies, embarquer des outils de suivis tiers, suivre vos interactions avec ces contenus embarqu\u00e9s si vous disposez d\u2019un compte connect\u00e9 sur leur site web.<\/span><\/p>\t\t\t\t\t\t\t\t<\/div>\n\t\t\t\t<\/div>\n\t\t\t\t<div class=\"elementor-element elementor-element-ec3d47a elementor-widget elementor-widget-heading\" data-id=\"ec3d47a\" data-element_type=\"widget\" data-e-type=\"widget\" data-widget_type=\"heading.default\">\n\t\t\t\t<div class=\"elementor-widget-container\">\n\t\t\t\t\t<h2 class=\"elementor-heading-title elementor-size-default\">Les droits que vous avez sur vos donn\u00e9es<\/h2>\t\t\t\t<\/div>\n\t\t\t\t<\/div>\n\t\t\t\t<div class=\"elementor-element elementor-element-e68dd12 elementor-widget elementor-widget-text-editor\" data-id=\"e68dd12\" data-element_type=\"widget\" data-e-type=\"widget\" data-widget_type=\"text-editor.default\">\n\t\t\t\t<div class=\"elementor-widget-container\">\n\t\t\t\t\t\t\t\t\t<p><span style=\"font-family: -apple-system, BlinkMacSystemFont, 'Segoe UI', Roboto, Oxygen-Sans, Ubuntu, Cantarell, 'Helvetica Neue', sans-serif; font-size: medium;\">Vous disposez d&rsquo;un droit d&rsquo;acc\u00e8s, de modification, de rectification et de suppression des donn\u00e9es vous concernant.<\/span><\/p>\n<p><span style=\"font-family: -apple-system, BlinkMacSystemFont, 'Segoe UI', Roboto, Oxygen-Sans, Ubuntu, Cantarell, 'Helvetica Neue', sans-serif; font-size: medium;\">Vous pouvez demander la suppression des donn\u00e9es personnelles vous concernant. Cela ne prend pas en compte les donn\u00e9es stock\u00e9es \u00e0 des fins administratives, l\u00e9gales ou pour des raisons de s\u00e9curit\u00e9.<\/span><\/p>\t\t\t\t\t\t\t\t<\/div>\n\t\t\t\t<\/div>\n\t\t\t\t<div class=\"elementor-element elementor-element-8b18e0e elementor-widget elementor-widget-heading\" data-id=\"8b18e0e\" data-element_type=\"widget\" data-e-type=\"widget\" data-widget_type=\"heading.default\">\n\t\t\t\t<div class=\"elementor-widget-container\">\n\t\t\t\t\t<h2 class=\"elementor-heading-title elementor-size-default\">Transmission de vos donn\u00e9es personnelles<\/h2>\t\t\t\t<\/div>\n\t\t\t\t<\/div>\n\t\t\t\t<div class=\"elementor-element elementor-element-fa44add elementor-widget elementor-widget-text-editor\" data-id=\"fa44add\" data-element_type=\"widget\" data-e-type=\"widget\" data-widget_type=\"text-editor.default\">\n\t\t\t\t<div class=\"elementor-widget-container\">\n\t\t\t\t\t\t\t\t\t<p style=\"border: 0px; font-size: 17px; margin: 0px 0px 1em; outline: 0px; padding: 0px; vertical-align: baseline; caret-color: #494b51; color: #494b51; font-family: -apple-system, BlinkMacSystemFont, 'Segoe UI', Roboto, Oxygen-Sans, Ubuntu, Cantarell, 'Helvetica Neue', sans-serif;\"><span style=\"caret-color: #000000; color: #000000; font-size: medium;\">Nous accordons de l&rsquo;importance \u00e0 la vie priv\u00e9e et aucune information personnelle de l&rsquo;utilisateur du site n&rsquo;est :<\/span><\/p>\n<ul style=\"font-size: 17px; margin: 0px 0px 1.5em 3em; padding: 0px; list-style: outside; caret-color: #494b51; color: #494b51; font-family: -apple-system, BlinkMacSystemFont, 'Segoe UI', Roboto, Oxygen-Sans, Ubuntu, Cantarell, 'Helvetica Neue', sans-serif;\">\n<li style=\"font-size: 17px; font-style: inherit; margin: 0px; padding: 0px;\"><span style=\"caret-color: #000000; color: #000000; font-size: medium;\">Collect\u00e9e \u00e0 l&rsquo;insu de l&rsquo;utilisateur,<\/span><\/li>\n<li style=\"font-size: 17px; font-style: inherit; margin: 0px; padding: 0px;\">Publi\u00e9e \u00e0 l&rsquo;insu de l&rsquo;utilisateur,<\/li>\n<li style=\"font-size: 17px; font-style: inherit; margin: 0px; padding: 0px;\">\u00a0\u00c9<span style=\"caret-color: #000000; color: #000000; font-size: medium;\">chang\u00e9e, transf\u00e9r\u00e9e, c\u00e9d\u00e9e ou vendue sur un support quelconque \u00e0 des tiers.<\/span><\/li>\n<\/ul>\t\t\t\t\t\t\t\t<\/div>\n\t\t\t\t<\/div>\n\t\t\t\t\t<\/div>\n\t\t<\/div>\n\t\t\t\t\t<\/div>\n\t\t<\/section>\n\t\t\t\t<\/div>\n\t\t","protected":false},"excerpt":{"rendered":"<p>Qui sommes-nous ? Pour en savoir plus, veuillez vous rendre sur la page des mentions l\u00e9gales. L&rsquo;adresse de notre site web est : https:\/\/mariupol2022.com Formulaire de contact Quand vous utilisez le formulaire de contact, votre adresse e-mail et votre nom sont demand\u00e9s afin de pouvoir vous r\u00e9pondre. Vos donn\u00e9es sont uniquement conserv\u00e9es dans la boite [&hellip;]<\/p>\n","protected":false},"author":1,"featured_media":0,"parent":0,"menu_order":0,"comment_status":"closed","ping_status":"closed","template":"","meta":{"_monsterinsights_skip_tracking":false,"_monsterinsights_sitenote_active":false,"_monsterinsights_sitenote_note":"","_monsterinsights_sitenote_category":0,"_uf_show_specific_survey":0,"_uf_disable_surveys":false,"footnotes":""},"class_list":["post-3","page","type-page","status-publish","hentry"],"yoast_head":"<!-- This site is optimized with the Yoast SEO plugin v27.3 - https:\/\/yoast.com\/product\/yoast-seo-wordpress\/ -->\n<title>Politique de confidentialit\u00e9 - Mariupol 2022<\/title>\n<meta name=\"description\" content=\"La page traitant de la politique de confidentialit\u00e9 du site Mariupole2022.com, conform\u00e9ment aux directives europ\u00e9ennes du RGPD.\" \/>\n<meta name=\"robots\" content=\"index, follow, max-snippet:-1, max-image-preview:large, max-video-preview:-1\" \/>\n<link rel=\"canonical\" href=\"https:\/\/mariupol2022.com\/index.php\/politique-de-confidentialite\/\" \/>\n<meta property=\"og:locale\" content=\"fr_FR\" \/>\n<meta property=\"og:type\" content=\"article\" \/>\n<meta property=\"og:title\" content=\"Politique de confidentialit\u00e9 - Mariupol 2022\" \/>\n<meta property=\"og:description\" content=\"La page traitant de la politique de confidentialit\u00e9 du site Mariupole2022.com, conform\u00e9ment aux directives europ\u00e9ennes du RGPD.\" \/>\n<meta property=\"og:url\" content=\"https:\/\/mariupol2022.com\/index.php\/politique-de-confidentialite\/\" \/>\n<meta property=\"og:site_name\" content=\"Mariupol 2022\" \/>\n<meta property=\"article:modified_time\" content=\"2024-01-07T17:51:20+00:00\" \/>\n<meta name=\"twitter:card\" content=\"summary_large_image\" \/>\n<meta name=\"twitter:label1\" content=\"Dur\u00e9e de lecture estim\u00e9e\" \/>\n\t<meta name=\"twitter:data1\" content=\"3 minutes\" \/>\n<script type=\"application\/ld+json\" class=\"yoast-schema-graph\">{\"@context\":\"https:\\\/\\\/schema.org\",\"@graph\":[{\"@type\":\"WebPage\",\"@id\":\"https:\\\/\\\/mariupol2022.com\\\/index.php\\\/politique-de-confidentialite\\\/\",\"url\":\"https:\\\/\\\/mariupol2022.com\\\/index.php\\\/politique-de-confidentialite\\\/\",\"name\":\"Politique de confidentialit\u00e9 - Mariupol 2022\",\"isPartOf\":{\"@id\":\"https:\\\/\\\/mariupol2022.com\\\/#website\"},\"datePublished\":\"2023-12-22T13:54:18+00:00\",\"dateModified\":\"2024-01-07T17:51:20+00:00\",\"description\":\"La page traitant de la politique de confidentialit\u00e9 du site Mariupole2022.com, conform\u00e9ment aux directives europ\u00e9ennes du RGPD.\",\"breadcrumb\":{\"@id\":\"https:\\\/\\\/mariupol2022.com\\\/index.php\\\/politique-de-confidentialite\\\/#breadcrumb\"},\"inLanguage\":\"fr-FR\",\"potentialAction\":[{\"@type\":\"ReadAction\",\"target\":[\"https:\\\/\\\/mariupol2022.com\\\/index.php\\\/politique-de-confidentialite\\\/\"]}]},{\"@type\":\"BreadcrumbList\",\"@id\":\"https:\\\/\\\/mariupol2022.com\\\/index.php\\\/politique-de-confidentialite\\\/#breadcrumb\",\"itemListElement\":[{\"@type\":\"ListItem\",\"position\":1,\"name\":\"Accueil\",\"item\":\"https:\\\/\\\/mariupol2022.com\\\/\"},{\"@type\":\"ListItem\",\"position\":2,\"name\":\"Politique de confidentialit\u00e9\"}]},{\"@type\":\"WebSite\",\"@id\":\"https:\\\/\\\/mariupol2022.com\\\/#website\",\"url\":\"https:\\\/\\\/mariupol2022.com\\\/\",\"name\":\"Mariupol 2022\",\"description\":\"\",\"publisher\":{\"@id\":\"https:\\\/\\\/mariupol2022.com\\\/#organization\"},\"potentialAction\":[{\"@type\":\"SearchAction\",\"target\":{\"@type\":\"EntryPoint\",\"urlTemplate\":\"https:\\\/\\\/mariupol2022.com\\\/?s={search_term_string}\"},\"query-input\":{\"@type\":\"PropertyValueSpecification\",\"valueRequired\":true,\"valueName\":\"search_term_string\"}}],\"inLanguage\":\"fr-FR\"},{\"@type\":\"Organization\",\"@id\":\"https:\\\/\\\/mariupol2022.com\\\/#organization\",\"name\":\"Mariupol 2022\",\"url\":\"https:\\\/\\\/mariupol2022.com\\\/\",\"logo\":{\"@type\":\"ImageObject\",\"inLanguage\":\"fr-FR\",\"@id\":\"https:\\\/\\\/mariupol2022.com\\\/#\\\/schema\\\/logo\\\/image\\\/\",\"url\":\"https:\\\/\\\/mariupol2022.com\\\/wp-content\\\/uploads\\\/2024\\\/01\\\/Olesia-TROFYMENKO.jpeg\",\"contentUrl\":\"https:\\\/\\\/mariupol2022.com\\\/wp-content\\\/uploads\\\/2024\\\/01\\\/Olesia-TROFYMENKO.jpeg\",\"width\":1280,\"height\":590,\"caption\":\"Mariupol 2022\"},\"image\":{\"@id\":\"https:\\\/\\\/mariupol2022.com\\\/#\\\/schema\\\/logo\\\/image\\\/\"}}]}<\/script>\n<!-- \/ Yoast SEO plugin. -->","yoast_head_json":{"title":"Politique de confidentialit\u00e9 - Mariupol 2022","description":"La page traitant de la politique de confidentialit\u00e9 du site Mariupole2022.com, conform\u00e9ment aux directives europ\u00e9ennes du RGPD.","robots":{"index":"index","follow":"follow","max-snippet":"max-snippet:-1","max-image-preview":"max-image-preview:large","max-video-preview":"max-video-preview:-1"},"canonical":"https:\/\/mariupol2022.com\/index.php\/politique-de-confidentialite\/","og_locale":"fr_FR","og_type":"article","og_title":"Politique de confidentialit\u00e9 - Mariupol 2022","og_description":"La page traitant de la politique de confidentialit\u00e9 du site Mariupole2022.com, conform\u00e9ment aux directives europ\u00e9ennes du RGPD.","og_url":"https:\/\/mariupol2022.com\/index.php\/politique-de-confidentialite\/","og_site_name":"Mariupol 2022","article_modified_time":"2024-01-07T17:51:20+00:00","twitter_card":"summary_large_image","twitter_misc":{"Dur\u00e9e de lecture estim\u00e9e":"3 minutes"},"schema":{"@context":"https:\/\/schema.org","@graph":[{"@type":"WebPage","@id":"https:\/\/mariupol2022.com\/index.php\/politique-de-confidentialite\/","url":"https:\/\/mariupol2022.com\/index.php\/politique-de-confidentialite\/","name":"Politique de confidentialit\u00e9 - Mariupol 2022","isPartOf":{"@id":"https:\/\/mariupol2022.com\/#website"},"datePublished":"2023-12-22T13:54:18+00:00","dateModified":"2024-01-07T17:51:20+00:00","description":"La page traitant de la politique de confidentialit\u00e9 du site Mariupole2022.com, conform\u00e9ment aux directives europ\u00e9ennes du RGPD.","breadcrumb":{"@id":"https:\/\/mariupol2022.com\/index.php\/politique-de-confidentialite\/#breadcrumb"},"inLanguage":"fr-FR","potentialAction":[{"@type":"ReadAction","target":["https:\/\/mariupol2022.com\/index.php\/politique-de-confidentialite\/"]}]},{"@type":"BreadcrumbList","@id":"https:\/\/mariupol2022.com\/index.php\/politique-de-confidentialite\/#breadcrumb","itemListElement":[{"@type":"ListItem","position":1,"name":"Accueil","item":"https:\/\/mariupol2022.com\/"},{"@type":"ListItem","position":2,"name":"Politique de confidentialit\u00e9"}]},{"@type":"WebSite","@id":"https:\/\/mariupol2022.com\/#website","url":"https:\/\/mariupol2022.com\/","name":"Mariupol 2022","description":"","publisher":{"@id":"https:\/\/mariupol2022.com\/#organization"},"potentialAction":[{"@type":"SearchAction","target":{"@type":"EntryPoint","urlTemplate":"https:\/\/mariupol2022.com\/?s={search_term_string}"},"query-input":{"@type":"PropertyValueSpecification","valueRequired":true,"valueName":"search_term_string"}}],"inLanguage":"fr-FR"},{"@type":"Organization","@id":"https:\/\/mariupol2022.com\/#organization","name":"Mariupol 2022","url":"https:\/\/mariupol2022.com\/","logo":{"@type":"ImageObject","inLanguage":"fr-FR","@id":"https:\/\/mariupol2022.com\/#\/schema\/logo\/image\/","url":"https:\/\/mariupol2022.com\/wp-content\/uploads\/2024\/01\/Olesia-TROFYMENKO.jpeg","contentUrl":"https:\/\/mariupol2022.com\/wp-content\/uploads\/2024\/01\/Olesia-TROFYMENKO.jpeg","width":1280,"height":590,"caption":"Mariupol 2022"},"image":{"@id":"https:\/\/mariupol2022.com\/#\/schema\/logo\/image\/"}}]}},"jetpack_sharing_enabled":true,"_links":{"self":[{"href":"https:\/\/mariupol2022.com\/index.php\/wp-json\/wp\/v2\/pages\/3","targetHints":{"allow":["GET"]}}],"collection":[{"href":"https:\/\/mariupol2022.com\/index.php\/wp-json\/wp\/v2\/pages"}],"about":[{"href":"https:\/\/mariupol2022.com\/index.php\/wp-json\/wp\/v2\/types\/page"}],"author":[{"embeddable":true,"href":"https:\/\/mariupol2022.com\/index.php\/wp-json\/wp\/v2\/users\/1"}],"replies":[{"embeddable":true,"href":"https:\/\/mariupol2022.com\/index.php\/wp-json\/wp\/v2\/comments?post=3"}],"version-history":[{"count":16,"href":"https:\/\/mariupol2022.com\/index.php\/wp-json\/wp\/v2\/pages\/3\/revisions"}],"predecessor-version":[{"id":348,"href":"https:\/\/mariupol2022.com\/index.php\/wp-json\/wp\/v2\/pages\/3\/revisions\/348"}],"wp:attachment":[{"href":"https:\/\/mariupol2022.com\/index.php\/wp-json\/wp\/v2\/media?parent=3"}],"curies":[{"name":"wp","href":"https:\/\/api.w.org\/{rel}","templated":true}]}}