{"id":741,"date":"2024-02-08T22:49:02","date_gmt":"2024-02-08T21:49:02","guid":{"rendered":"https:\/\/mariupol2022.com\/?page_id=741"},"modified":"2024-02-26T22:33:11","modified_gmt":"2024-02-26T21:33:11","slug":"presse","status":"publish","type":"page","link":"https:\/\/mariupol2022.com\/index.php\/presse\/","title":{"rendered":"Presse"},"content":{"rendered":"\t\t<div data-elementor-type=\"wp-page\" data-elementor-id=\"741\" class=\"elementor elementor-741\">\n\t\t\t\t\t\t<section class=\"elementor-section elementor-top-section elementor-element elementor-element-c784576 elementor-section-boxed elementor-section-height-default elementor-section-height-default\" data-id=\"c784576\" data-element_type=\"section\" data-e-type=\"section\">\n\t\t\t\t\t\t<div class=\"elementor-container elementor-column-gap-default\">\n\t\t\t\t\t<div class=\"elementor-column elementor-col-100 elementor-top-column elementor-element elementor-element-0157e01\" data-id=\"0157e01\" data-element_type=\"column\" data-e-type=\"column\">\n\t\t\t<div class=\"elementor-widget-wrap elementor-element-populated\">\n\t\t\t\t\t\t<div class=\"elementor-element elementor-element-0ddc637 elementor-widget elementor-widget-heading\" data-id=\"0ddc637\" data-element_type=\"widget\" data-e-type=\"widget\" data-widget_type=\"heading.default\">\n\t\t\t\t<div class=\"elementor-widget-container\">\n\t\t\t\t\t<h1 class=\"elementor-heading-title elementor-size-default\">PRESSE : articles, reportages<\/h1>\t\t\t\t<\/div>\n\t\t\t\t<\/div>\n\t\t\t\t\t<\/div>\n\t\t<\/div>\n\t\t\t\t\t<\/div>\n\t\t<\/section>\n\t\t<div class=\"elementor-element elementor-element-d06c656 e-flex e-con-boxed e-con e-parent\" data-id=\"d06c656\" data-element_type=\"container\" data-e-type=\"container\">\n\t\t\t\t\t<div class=\"e-con-inner\">\n\t\t\t\t<div class=\"elementor-element elementor-element-8634943 elementor-widget elementor-widget-heading\" data-id=\"8634943\" data-element_type=\"widget\" data-e-type=\"widget\" data-widget_type=\"heading.default\">\n\t\t\t\t<div class=\"elementor-widget-container\">\n\t\t\t\t\t<h2 class=\"elementor-heading-title elementor-size-default\"><span class=\"elementor-heading-title elementor-size-default elementor-inline-editing pen\" data-elementor-setting-key=\"title\" data-pen-placeholder=\"\u00c9crivez ici...\" style=\"font-size: 2rem\">Reportage TV - Ukraine<\/span><\/h2>\t\t\t\t<\/div>\n\t\t\t\t<\/div>\n\t\t\t\t\t<\/div>\n\t\t\t\t<\/div>\n\t\t\t\t<section class=\"elementor-section elementor-top-section elementor-element elementor-element-2aac7ee elementor-section-boxed elementor-section-height-default elementor-section-height-default\" data-id=\"2aac7ee\" data-element_type=\"section\" data-e-type=\"section\">\n\t\t\t\t\t\t<div class=\"elementor-container elementor-column-gap-default\">\n\t\t\t\t\t<div class=\"elementor-column elementor-col-100 elementor-top-column elementor-element elementor-element-27f7662\" data-id=\"27f7662\" data-element_type=\"column\" data-e-type=\"column\">\n\t\t\t<div class=\"elementor-widget-wrap elementor-element-populated\">\n\t\t\t\t\t\t<div class=\"elementor-element elementor-element-89251a0 elementor-widget elementor-widget-video\" data-id=\"89251a0\" data-element_type=\"widget\" data-e-type=\"widget\" data-settings=\"{&quot;youtube_url&quot;:&quot;https:\\\/\\\/youtu.be\\\/RmKVdkEdnKI?si=LX9RYrkbrsNrIBtW&quot;,&quot;video_type&quot;:&quot;youtube&quot;,&quot;controls&quot;:&quot;yes&quot;}\" data-widget_type=\"video.default\">\n\t\t\t\t<div class=\"elementor-widget-container\">\n\t\t\t\t\t\t\t<div class=\"elementor-wrapper elementor-open-inline\">\n\t\t\t<div class=\"elementor-video\"><\/div>\t\t<\/div>\n\t\t\t\t\t\t<\/div>\n\t\t\t\t<\/div>\n\t\t\t\t\t<\/div>\n\t\t<\/div>\n\t\t\t\t\t<\/div>\n\t\t<\/section>\n\t\t\t\t<section class=\"elementor-section elementor-top-section elementor-element elementor-element-86c1dc1 elementor-section-boxed elementor-section-height-default elementor-section-height-default\" data-id=\"86c1dc1\" data-element_type=\"section\" data-e-type=\"section\">\n\t\t\t\t\t\t<div class=\"elementor-container elementor-column-gap-default\">\n\t\t\t\t\t<div class=\"elementor-column elementor-col-100 elementor-top-column elementor-element elementor-element-683bf19\" data-id=\"683bf19\" data-element_type=\"column\" data-e-type=\"column\">\n\t\t\t<div class=\"elementor-widget-wrap elementor-element-populated\">\n\t\t\t\t\t\t<div class=\"elementor-element elementor-element-3b826d0 elementor-widget elementor-widget-heading\" data-id=\"3b826d0\" data-element_type=\"widget\" data-e-type=\"widget\" data-widget_type=\"heading.default\">\n\t\t\t\t<div class=\"elementor-widget-container\">\n\t\t\t\t\t<h2 class=\"elementor-heading-title elementor-size-default\">Extrait de la revue : Univers des arts<\/h2>\t\t\t\t<\/div>\n\t\t\t\t<\/div>\n\t\t\t\t\t<\/div>\n\t\t<\/div>\n\t\t\t\t\t<\/div>\n\t\t<\/section>\n\t\t\t\t<section class=\"elementor-section elementor-top-section elementor-element elementor-element-cd2a272 elementor-section-boxed elementor-section-height-default elementor-section-height-default\" data-id=\"cd2a272\" data-element_type=\"section\" data-e-type=\"section\">\n\t\t\t\t\t\t<div class=\"elementor-container elementor-column-gap-default\">\n\t\t\t\t\t<div class=\"elementor-column elementor-col-50 elementor-top-column elementor-element elementor-element-42c9eed\" data-id=\"42c9eed\" data-element_type=\"column\" data-e-type=\"column\">\n\t\t\t<div class=\"elementor-widget-wrap elementor-element-populated\">\n\t\t\t\t\t\t<div class=\"elementor-element elementor-element-5e002bf elementor-widget elementor-widget-image\" data-id=\"5e002bf\" data-element_type=\"widget\" data-e-type=\"widget\" data-widget_type=\"image.default\">\n\t\t\t\t<div class=\"elementor-widget-container\">\n\t\t\t\t\t\t\t\t\t\t\t\t\t\t\t<img fetchpriority=\"high\" decoding=\"async\" width=\"724\" height=\"1024\" src=\"https:\/\/mariupol2022.com\/wp-content\/uploads\/2024\/02\/Article-Univers-des-Arts-Page-2-724x1024.jpg\" class=\"attachment-large size-large wp-image-751\" alt=\"\" srcset=\"https:\/\/mariupol2022.com\/wp-content\/uploads\/2024\/02\/Article-Univers-des-Arts-Page-2-724x1024.jpg 724w, https:\/\/mariupol2022.com\/wp-content\/uploads\/2024\/02\/Article-Univers-des-Arts-Page-2-212x300.jpg 212w, https:\/\/mariupol2022.com\/wp-content\/uploads\/2024\/02\/Article-Univers-des-Arts-Page-2-768x1086.jpg 768w, https:\/\/mariupol2022.com\/wp-content\/uploads\/2024\/02\/Article-Univers-des-Arts-Page-2-1086x1536.jpg 1086w, https:\/\/mariupol2022.com\/wp-content\/uploads\/2024\/02\/Article-Univers-des-Arts-Page-2-1448x2048.jpg 1448w, https:\/\/mariupol2022.com\/wp-content\/uploads\/2024\/02\/Article-Univers-des-Arts-Page-2.jpg 1653w\" sizes=\"(max-width: 724px) 100vw, 724px\" \/>\t\t\t\t\t\t\t\t\t\t\t\t\t\t\t<\/div>\n\t\t\t\t<\/div>\n\t\t\t\t\t<\/div>\n\t\t<\/div>\n\t\t\t\t<div class=\"elementor-column elementor-col-50 elementor-top-column elementor-element elementor-element-abc7d24\" data-id=\"abc7d24\" data-element_type=\"column\" data-e-type=\"column\">\n\t\t\t<div class=\"elementor-widget-wrap elementor-element-populated\">\n\t\t\t\t\t\t<div class=\"elementor-element elementor-element-84fb98e elementor-widget elementor-widget-image\" data-id=\"84fb98e\" data-element_type=\"widget\" data-e-type=\"widget\" data-widget_type=\"image.default\">\n\t\t\t\t<div class=\"elementor-widget-container\">\n\t\t\t\t\t\t\t\t\t\t\t\t\t\t\t<img decoding=\"async\" width=\"724\" height=\"1024\" src=\"https:\/\/mariupol2022.com\/wp-content\/uploads\/2024\/02\/Article-Univers-des-Arts-Page-3-724x1024.jpg\" class=\"attachment-large size-large wp-image-752\" alt=\"\" srcset=\"https:\/\/mariupol2022.com\/wp-content\/uploads\/2024\/02\/Article-Univers-des-Arts-Page-3-724x1024.jpg 724w, https:\/\/mariupol2022.com\/wp-content\/uploads\/2024\/02\/Article-Univers-des-Arts-Page-3-212x300.jpg 212w, https:\/\/mariupol2022.com\/wp-content\/uploads\/2024\/02\/Article-Univers-des-Arts-Page-3-768x1087.jpg 768w, https:\/\/mariupol2022.com\/wp-content\/uploads\/2024\/02\/Article-Univers-des-Arts-Page-3-1086x1536.jpg 1086w, https:\/\/mariupol2022.com\/wp-content\/uploads\/2024\/02\/Article-Univers-des-Arts-Page-3-1448x2048.jpg 1448w, https:\/\/mariupol2022.com\/wp-content\/uploads\/2024\/02\/Article-Univers-des-Arts-Page-3-scaled.jpg 1809w\" sizes=\"(max-width: 724px) 100vw, 724px\" \/>\t\t\t\t\t\t\t\t\t\t\t\t\t\t\t<\/div>\n\t\t\t\t<\/div>\n\t\t\t\t\t<\/div>\n\t\t<\/div>\n\t\t\t\t\t<\/div>\n\t\t<\/section>\n\t\t\t\t<\/div>\n\t\t","protected":false},"excerpt":{"rendered":"<p>PRESSE : articles, reportages Reportage TV &#8211; Ukraine Extrait de la revue : Univers des arts<\/p>\n","protected":false},"author":1,"featured_media":0,"parent":0,"menu_order":0,"comment_status":"closed","ping_status":"closed","template":"","meta":{"_monsterinsights_skip_tracking":false,"_monsterinsights_sitenote_active":false,"_monsterinsights_sitenote_note":"","_monsterinsights_sitenote_category":0,"_uf_show_specific_survey":0,"_uf_disable_surveys":false,"footnotes":""},"class_list":["post-741","page","type-page","status-publish","hentry"],"yoast_head":"<!-- This site is optimized with the Yoast SEO plugin v27.4 - https:\/\/yoast.com\/product\/yoast-seo-wordpress\/ -->\n<title>Presse - Mariupol 2022<\/title>\n<meta name=\"description\" content=\"Une s\u00e9lection d&#039;articles et de reportages sur Al\u00e9sia Trofymenko, le tableau Mariupol 2022 et le salon des ind\u00e9pendants de Paris 2024.\" \/>\n<meta name=\"robots\" content=\"index, follow, max-snippet:-1, max-image-preview:large, max-video-preview:-1\" \/>\n<link rel=\"canonical\" href=\"https:\/\/mariupol2022.com\/index.php\/presse\/\" \/>\n<meta property=\"og:locale\" content=\"fr_FR\" \/>\n<meta property=\"og:type\" content=\"article\" \/>\n<meta property=\"og:title\" content=\"Presse - Mariupol 2022\" \/>\n<meta property=\"og:description\" content=\"Une s\u00e9lection d&#039;articles et de reportages sur Al\u00e9sia Trofymenko, le tableau Mariupol 2022 et le salon des ind\u00e9pendants de Paris 2024.\" \/>\n<meta property=\"og:url\" content=\"https:\/\/mariupol2022.com\/index.php\/presse\/\" \/>\n<meta property=\"og:site_name\" content=\"Mariupol 2022\" \/>\n<meta property=\"article:modified_time\" content=\"2024-02-26T21:33:11+00:00\" \/>\n<meta property=\"og:image\" content=\"http:\/\/mariupol2022.com\/wp-content\/uploads\/2024\/02\/Article-Univers-des-Arts-Page-2-724x1024.jpg\" \/>\n<meta name=\"twitter:card\" content=\"summary_large_image\" \/>\n<meta name=\"twitter:label1\" content=\"Dur\u00e9e de lecture estim\u00e9e\" \/>\n\t<meta name=\"twitter:data1\" content=\"1 minute\" \/>\n<script type=\"application\/ld+json\" class=\"yoast-schema-graph\">{\"@context\":\"https:\\\/\\\/schema.org\",\"@graph\":[{\"@type\":\"WebPage\",\"@id\":\"https:\\\/\\\/mariupol2022.com\\\/index.php\\\/presse\\\/\",\"url\":\"https:\\\/\\\/mariupol2022.com\\\/index.php\\\/presse\\\/\",\"name\":\"Presse - Mariupol 2022\",\"isPartOf\":{\"@id\":\"https:\\\/\\\/mariupol2022.com\\\/#website\"},\"primaryImageOfPage\":{\"@id\":\"https:\\\/\\\/mariupol2022.com\\\/index.php\\\/presse\\\/#primaryimage\"},\"image\":{\"@id\":\"https:\\\/\\\/mariupol2022.com\\\/index.php\\\/presse\\\/#primaryimage\"},\"thumbnailUrl\":\"http:\\\/\\\/mariupol2022.com\\\/wp-content\\\/uploads\\\/2024\\\/02\\\/Article-Univers-des-Arts-Page-2-724x1024.jpg\",\"datePublished\":\"2024-02-08T21:49:02+00:00\",\"dateModified\":\"2024-02-26T21:33:11+00:00\",\"description\":\"Une s\u00e9lection d'articles et de reportages sur Al\u00e9sia Trofymenko, le tableau Mariupol 2022 et le salon des ind\u00e9pendants de Paris 2024.\",\"breadcrumb\":{\"@id\":\"https:\\\/\\\/mariupol2022.com\\\/index.php\\\/presse\\\/#breadcrumb\"},\"inLanguage\":\"fr-FR\",\"potentialAction\":[{\"@type\":\"ReadAction\",\"target\":[\"https:\\\/\\\/mariupol2022.com\\\/index.php\\\/presse\\\/\"]}]},{\"@type\":\"ImageObject\",\"inLanguage\":\"fr-FR\",\"@id\":\"https:\\\/\\\/mariupol2022.com\\\/index.php\\\/presse\\\/#primaryimage\",\"url\":\"https:\\\/\\\/mariupol2022.com\\\/wp-content\\\/uploads\\\/2024\\\/02\\\/Article-Univers-des-Arts-Page-2.jpg\",\"contentUrl\":\"https:\\\/\\\/mariupol2022.com\\\/wp-content\\\/uploads\\\/2024\\\/02\\\/Article-Univers-des-Arts-Page-2.jpg\",\"width\":1653,\"height\":2338},{\"@type\":\"BreadcrumbList\",\"@id\":\"https:\\\/\\\/mariupol2022.com\\\/index.php\\\/presse\\\/#breadcrumb\",\"itemListElement\":[{\"@type\":\"ListItem\",\"position\":1,\"name\":\"Accueil\",\"item\":\"https:\\\/\\\/mariupol2022.com\\\/\"},{\"@type\":\"ListItem\",\"position\":2,\"name\":\"Presse\"}]},{\"@type\":\"WebSite\",\"@id\":\"https:\\\/\\\/mariupol2022.com\\\/#website\",\"url\":\"https:\\\/\\\/mariupol2022.com\\\/\",\"name\":\"Mariupol 2022\",\"description\":\"\",\"publisher\":{\"@id\":\"https:\\\/\\\/mariupol2022.com\\\/#organization\"},\"potentialAction\":[{\"@type\":\"SearchAction\",\"target\":{\"@type\":\"EntryPoint\",\"urlTemplate\":\"https:\\\/\\\/mariupol2022.com\\\/?s={search_term_string}\"},\"query-input\":{\"@type\":\"PropertyValueSpecification\",\"valueRequired\":true,\"valueName\":\"search_term_string\"}}],\"inLanguage\":\"fr-FR\"},{\"@type\":\"Organization\",\"@id\":\"https:\\\/\\\/mariupol2022.com\\\/#organization\",\"name\":\"Mariupol 2022\",\"url\":\"https:\\\/\\\/mariupol2022.com\\\/\",\"logo\":{\"@type\":\"ImageObject\",\"inLanguage\":\"fr-FR\",\"@id\":\"https:\\\/\\\/mariupol2022.com\\\/#\\\/schema\\\/logo\\\/image\\\/\",\"url\":\"https:\\\/\\\/mariupol2022.com\\\/wp-content\\\/uploads\\\/2024\\\/01\\\/Olesia-TROFYMENKO.jpeg\",\"contentUrl\":\"https:\\\/\\\/mariupol2022.com\\\/wp-content\\\/uploads\\\/2024\\\/01\\\/Olesia-TROFYMENKO.jpeg\",\"width\":1280,\"height\":590,\"caption\":\"Mariupol 2022\"},\"image\":{\"@id\":\"https:\\\/\\\/mariupol2022.com\\\/#\\\/schema\\\/logo\\\/image\\\/\"}}]}<\/script>\n<!-- \/ Yoast SEO plugin. -->","yoast_head_json":{"title":"Presse - Mariupol 2022","description":"Une s\u00e9lection d'articles et de reportages sur Al\u00e9sia Trofymenko, le tableau Mariupol 2022 et le salon des ind\u00e9pendants de Paris 2024.","robots":{"index":"index","follow":"follow","max-snippet":"max-snippet:-1","max-image-preview":"max-image-preview:large","max-video-preview":"max-video-preview:-1"},"canonical":"https:\/\/mariupol2022.com\/index.php\/presse\/","og_locale":"fr_FR","og_type":"article","og_title":"Presse - Mariupol 2022","og_description":"Une s\u00e9lection d'articles et de reportages sur Al\u00e9sia Trofymenko, le tableau Mariupol 2022 et le salon des ind\u00e9pendants de Paris 2024.","og_url":"https:\/\/mariupol2022.com\/index.php\/presse\/","og_site_name":"Mariupol 2022","article_modified_time":"2024-02-26T21:33:11+00:00","og_image":[{"url":"http:\/\/mariupol2022.com\/wp-content\/uploads\/2024\/02\/Article-Univers-des-Arts-Page-2-724x1024.jpg","type":"","width":"","height":""}],"twitter_card":"summary_large_image","twitter_misc":{"Dur\u00e9e de lecture estim\u00e9e":"1 minute"},"schema":{"@context":"https:\/\/schema.org","@graph":[{"@type":"WebPage","@id":"https:\/\/mariupol2022.com\/index.php\/presse\/","url":"https:\/\/mariupol2022.com\/index.php\/presse\/","name":"Presse - Mariupol 2022","isPartOf":{"@id":"https:\/\/mariupol2022.com\/#website"},"primaryImageOfPage":{"@id":"https:\/\/mariupol2022.com\/index.php\/presse\/#primaryimage"},"image":{"@id":"https:\/\/mariupol2022.com\/index.php\/presse\/#primaryimage"},"thumbnailUrl":"http:\/\/mariupol2022.com\/wp-content\/uploads\/2024\/02\/Article-Univers-des-Arts-Page-2-724x1024.jpg","datePublished":"2024-02-08T21:49:02+00:00","dateModified":"2024-02-26T21:33:11+00:00","description":"Une s\u00e9lection d'articles et de reportages sur Al\u00e9sia Trofymenko, le tableau Mariupol 2022 et le salon des ind\u00e9pendants de Paris 2024.","breadcrumb":{"@id":"https:\/\/mariupol2022.com\/index.php\/presse\/#breadcrumb"},"inLanguage":"fr-FR","potentialAction":[{"@type":"ReadAction","target":["https:\/\/mariupol2022.com\/index.php\/presse\/"]}]},{"@type":"ImageObject","inLanguage":"fr-FR","@id":"https:\/\/mariupol2022.com\/index.php\/presse\/#primaryimage","url":"https:\/\/mariupol2022.com\/wp-content\/uploads\/2024\/02\/Article-Univers-des-Arts-Page-2.jpg","contentUrl":"https:\/\/mariupol2022.com\/wp-content\/uploads\/2024\/02\/Article-Univers-des-Arts-Page-2.jpg","width":1653,"height":2338},{"@type":"BreadcrumbList","@id":"https:\/\/mariupol2022.com\/index.php\/presse\/#breadcrumb","itemListElement":[{"@type":"ListItem","position":1,"name":"Accueil","item":"https:\/\/mariupol2022.com\/"},{"@type":"ListItem","position":2,"name":"Presse"}]},{"@type":"WebSite","@id":"https:\/\/mariupol2022.com\/#website","url":"https:\/\/mariupol2022.com\/","name":"Mariupol 2022","description":"","publisher":{"@id":"https:\/\/mariupol2022.com\/#organization"},"potentialAction":[{"@type":"SearchAction","target":{"@type":"EntryPoint","urlTemplate":"https:\/\/mariupol2022.com\/?s={search_term_string}"},"query-input":{"@type":"PropertyValueSpecification","valueRequired":true,"valueName":"search_term_string"}}],"inLanguage":"fr-FR"},{"@type":"Organization","@id":"https:\/\/mariupol2022.com\/#organization","name":"Mariupol 2022","url":"https:\/\/mariupol2022.com\/","logo":{"@type":"ImageObject","inLanguage":"fr-FR","@id":"https:\/\/mariupol2022.com\/#\/schema\/logo\/image\/","url":"https:\/\/mariupol2022.com\/wp-content\/uploads\/2024\/01\/Olesia-TROFYMENKO.jpeg","contentUrl":"https:\/\/mariupol2022.com\/wp-content\/uploads\/2024\/01\/Olesia-TROFYMENKO.jpeg","width":1280,"height":590,"caption":"Mariupol 2022"},"image":{"@id":"https:\/\/mariupol2022.com\/#\/schema\/logo\/image\/"}}]}},"jetpack_sharing_enabled":true,"_links":{"self":[{"href":"https:\/\/mariupol2022.com\/index.php\/wp-json\/wp\/v2\/pages\/741","targetHints":{"allow":["GET"]}}],"collection":[{"href":"https:\/\/mariupol2022.com\/index.php\/wp-json\/wp\/v2\/pages"}],"about":[{"href":"https:\/\/mariupol2022.com\/index.php\/wp-json\/wp\/v2\/types\/page"}],"author":[{"embeddable":true,"href":"https:\/\/mariupol2022.com\/index.php\/wp-json\/wp\/v2\/users\/1"}],"replies":[{"embeddable":true,"href":"https:\/\/mariupol2022.com\/index.php\/wp-json\/wp\/v2\/comments?post=741"}],"version-history":[{"count":50,"href":"https:\/\/mariupol2022.com\/index.php\/wp-json\/wp\/v2\/pages\/741\/revisions"}],"predecessor-version":[{"id":1158,"href":"https:\/\/mariupol2022.com\/index.php\/wp-json\/wp\/v2\/pages\/741\/revisions\/1158"}],"wp:attachment":[{"href":"https:\/\/mariupol2022.com\/index.php\/wp-json\/wp\/v2\/media?parent=741"}],"curies":[{"name":"wp","href":"https:\/\/api.w.org\/{rel}","templated":true}]}}