{"id":91,"date":"2024-01-04T23:13:28","date_gmt":"2024-01-04T22:13:28","guid":{"rendered":"https:\/\/mariupol2022.com\/?page_id=91"},"modified":"2024-01-11T15:48:01","modified_gmt":"2024-01-11T14:48:01","slug":"mentions-legales","status":"publish","type":"page","link":"https:\/\/mariupol2022.com\/index.php\/mentions-legales\/","title":{"rendered":"Mentions l\u00e9gales"},"content":{"rendered":"\t\t<div data-elementor-type=\"wp-page\" data-elementor-id=\"91\" class=\"elementor elementor-91\">\n\t\t\t\t\t\t<section class=\"elementor-section elementor-top-section elementor-element elementor-element-d1c0191 elementor-section-boxed elementor-section-height-default elementor-section-height-default\" data-id=\"d1c0191\" data-element_type=\"section\" data-e-type=\"section\">\n\t\t\t\t\t\t<div class=\"elementor-container elementor-column-gap-default\">\n\t\t\t\t\t<div class=\"elementor-column elementor-col-100 elementor-top-column elementor-element elementor-element-11cc949\" data-id=\"11cc949\" data-element_type=\"column\" data-e-type=\"column\">\n\t\t\t<div class=\"elementor-widget-wrap elementor-element-populated\">\n\t\t\t\t\t\t<div class=\"elementor-element elementor-element-b705abf elementor-widget elementor-widget-heading\" data-id=\"b705abf\" data-element_type=\"widget\" data-e-type=\"widget\" data-widget_type=\"heading.default\">\n\t\t\t\t<div class=\"elementor-widget-container\">\n\t\t\t\t\t<h2 class=\"elementor-heading-title elementor-size-default\">Mentions l\u00e9gales<\/h2>\t\t\t\t<\/div>\n\t\t\t\t<\/div>\n\t\t\t\t<div class=\"elementor-element elementor-element-a4cae70 elementor-widget elementor-widget-text-editor\" data-id=\"a4cae70\" data-element_type=\"widget\" data-e-type=\"widget\" data-widget_type=\"text-editor.default\">\n\t\t\t\t<div class=\"elementor-widget-container\">\n\t\t\t\t\t\t\t\t\t<p>Le site <b>Mariupol 2022<\/b> a pour objet la mise en avant du tableau \u00ab\u00a0<b>Mariupol 2022<\/b>\u00a0\u00bb d&rsquo;<a href=\"https:\/\/mariupol2022.com\/index.php\/olesia-trofymenko\/\" target=\"_blank\" rel=\"noopener\"><b>Olesia Trofymenko<\/b><\/a> et la promotion du documentaire \u00ab\u00a0<b>Marioupol, l&rsquo;espoir n&rsquo;est pas perdu<\/b>\u00a0\u00bb de Max Lytvynov (OUP Documentary).<\/p>\t\t\t\t\t\t\t\t<\/div>\n\t\t\t\t<\/div>\n\t\t\t\t<div class=\"elementor-element elementor-element-2ab2579 elementor-widget elementor-widget-heading\" data-id=\"2ab2579\" data-element_type=\"widget\" data-e-type=\"widget\" data-widget_type=\"heading.default\">\n\t\t\t\t<div class=\"elementor-widget-container\">\n\t\t\t\t\t<h2 class=\"elementor-heading-title elementor-size-default\">Cr\u00e9dits<\/h2>\t\t\t\t<\/div>\n\t\t\t\t<\/div>\n\t\t\t\t<div class=\"elementor-element elementor-element-e234850 elementor-widget elementor-widget-text-editor\" data-id=\"e234850\" data-element_type=\"widget\" data-e-type=\"widget\" data-widget_type=\"text-editor.default\">\n\t\t\t\t<div class=\"elementor-widget-container\">\n\t\t\t\t\t\t\t\t\t<p><b>\u00c9diteur du site<\/b><\/p><p>Jean-Walter MULLER<br \/><a href=\"https:\/\/objectif-scenario.fr\" target=\"_blank\" rel=\"noopener\">Perspectives-Objectif-Sc\u00e9nario<\/a><\/p><p><b>Directeur de publication<\/b><\/p><p>St\u00e9phane DALMAT<\/p>\t\t\t\t\t\t\t\t<\/div>\n\t\t\t\t<\/div>\n\t\t\t\t<div class=\"elementor-element elementor-element-34c354f elementor-widget elementor-widget-heading\" data-id=\"34c354f\" data-element_type=\"widget\" data-e-type=\"widget\" data-widget_type=\"heading.default\">\n\t\t\t\t<div class=\"elementor-widget-container\">\n\t\t\t\t\t<h2 class=\"elementor-heading-title elementor-size-default\">H\u00e9bergement<\/h2>\t\t\t\t<\/div>\n\t\t\t\t<\/div>\n\t\t\t\t<div class=\"elementor-element elementor-element-ee8abd0 elementor-widget elementor-widget-text-editor\" data-id=\"ee8abd0\" data-element_type=\"widget\" data-e-type=\"widget\" data-widget_type=\"text-editor.default\">\n\t\t\t\t<div class=\"elementor-widget-container\">\n\t\t\t\t\t\t\t\t\t<p>Ce site est h\u00e9berg\u00e9 par la soci\u00e9t\u00e9 <b>OVH<\/b><\/p><p>2 rue Kellermann<br \/>59100 Roubaix, France<\/p>\t\t\t\t\t\t\t\t<\/div>\n\t\t\t\t<\/div>\n\t\t\t\t<div class=\"elementor-element elementor-element-897cdb9 elementor-widget elementor-widget-heading\" data-id=\"897cdb9\" data-element_type=\"widget\" data-e-type=\"widget\" data-widget_type=\"heading.default\">\n\t\t\t\t<div class=\"elementor-widget-container\">\n\t\t\t\t\t<h2 class=\"elementor-heading-title elementor-size-default\">Propri\u00e9t\u00e9 intellectuelle<\/h2>\t\t\t\t<\/div>\n\t\t\t\t<\/div>\n\t\t\t\t<div class=\"elementor-element elementor-element-1aa7caa elementor-widget elementor-widget-text-editor\" data-id=\"1aa7caa\" data-element_type=\"widget\" data-e-type=\"widget\" data-widget_type=\"text-editor.default\">\n\t\t\t\t<div class=\"elementor-widget-container\">\n\t\t\t\t\t\t\t\t\t<p style=\"border: 0px; font-size: 17px; margin: 0px 0px 1em; outline: 0px; padding: 0px; vertical-align: baseline; caret-color: #494b51; color: #494b51; font-family: -apple-system, BlinkMacSystemFont, 'Segoe UI', Roboto, Oxygen-Sans, Ubuntu, Cantarell, 'Helvetica Neue', sans-serif;\"><span style=\"caret-color: #000000; color: #000000; font-size: medium;\">L&rsquo;ensemble des textes, images, logos et autres \u00e9l\u00e9ments contenus dans ce site, ci-apr\u00e8s d\u00e9nomm\u00e9 \u00ab le Contenu \u00bb, est prot\u00e9g\u00e9 au titre du droit d&rsquo;auteur et des marques.<\/span><\/p><p style=\"border: 0px; font-size: 17px; margin: 0px 0px 1em; outline: 0px; padding: 0px; vertical-align: baseline; caret-color: #494b51; color: #494b51; font-family: -apple-system, BlinkMacSystemFont, 'Segoe UI', Roboto, Oxygen-Sans, Ubuntu, Cantarell, 'Helvetica Neue', sans-serif;\"><span style=\"caret-color: #000000; color: #000000; font-size: medium;\">Chaque utilisateur est autoris\u00e9 \u00e0 consulter le Contenu, pour s&rsquo;informer et demander des informations<\/span><b style=\"caret-color: #000000; color: #000000;\">\u00a0<\/b><span style=\"caret-color: #000000; color: #000000;\">au<\/span><b style=\"caret-color: #000000; color: #000000;\"> directeur de publication\u00a0<\/b><span style=\"caret-color: #000000; color: #000000; font-size: medium;\">du site.<\/span><\/p><p style=\"border: 0px; font-size: 17px; margin: 0px 0px 1em; outline: 0px; padding: 0px; vertical-align: baseline; caret-color: #494b51; color: #494b51; font-family: -apple-system, BlinkMacSystemFont, 'Segoe UI', Roboto, Oxygen-Sans, Ubuntu, Cantarell, 'Helvetica Neue', sans-serif;\"><span style=\"caret-color: #000000; color: #000000; font-size: medium;\">Les utilisateurs s&rsquo;engagent \u00e0 ne modifier d&rsquo;aucune mani\u00e8re le Contenu et \u00e0 ne pas utiliser un quelconque texte, une ou plusieurs images ou tout ou partie du Contenu sans l&rsquo;obtention d&rsquo;une autorisation de\u00a0<\/span><b style=\"caret-color: #000000; color: #000000;\">l&rsquo;\u00e9diteur\u00a0<\/b><span style=\"caret-color: #000000; color: #000000; font-size: medium;\">ou<\/span><b style=\"caret-color: #000000; color: #000000;\">\u00a0<\/b><span style=\"caret-color: #000000; color: #000000;\">du<\/span><b style=\"caret-color: #000000; color: #000000;\">\u00a0directeur de publication\u00a0<\/b><span style=\"caret-color: #000000; color: #000000; font-size: medium;\">du site.<\/span><\/p><p style=\"border: 0px; font-size: 17px; margin: 0px 0px 1em; outline: 0px; padding: 0px; vertical-align: baseline; caret-color: #494b51; color: #494b51; font-family: -apple-system, BlinkMacSystemFont, 'Segoe UI', Roboto, Oxygen-Sans, Ubuntu, Cantarell, 'Helvetica Neue', sans-serif;\"><span style=\"caret-color: #000000; color: #000000; font-size: medium;\">Aucun \u00e9l\u00e9ment de ce site ne doit \u00eatre interpr\u00e9t\u00e9 comme conf\u00e9rant \u00e0 l&rsquo;utilisateur une licence ou tout autre droit sur le Contenu.<\/span><\/p><p style=\"border: 0px; font-size: 17px; margin: 0px 0px 1em; outline: 0px; padding: 0px; vertical-align: baseline; caret-color: #494b51; color: #494b51; font-family: -apple-system, BlinkMacSystemFont, 'Segoe UI', Roboto, Oxygen-Sans, Ubuntu, Cantarell, 'Helvetica Neue', sans-serif;\"><span style=\"caret-color: #000000; color: #000000; font-size: medium;\">Toute utilisation d&rsquo;\u00e9l\u00e9ment(s) du Contenu, y compris la reproduction, la modification, la diffusion ou la republication sans l&rsquo;autorisation pr\u00e9alable et \u00e9crite de\u00a0<\/span><b style=\"caret-color: #000000; color: #000000;\">l&rsquo;\u00e9diteur\u00a0<\/b><span style=\"caret-color: #000000; color: #000000; font-size: medium;\">ou<\/span><b style=\"caret-color: #000000; color: #000000;\">\u00a0<\/b><span style=\"caret-color: #000000; color: #000000;\">du<\/span><b style=\"caret-color: #000000; color: #000000;\">\u00a0directeur de publication\u00a0<\/b><span style=\"caret-color: #000000; color: #000000; font-size: medium;\">du site\u00a0est\u00a0<\/span><strong style=\"font-weight: bold; caret-color: #000000; color: #000000;\">strictement interdite<\/strong><span style=\"caret-color: #000000; color: #000000; font-size: medium;\">\u00a0et constitutive d&rsquo;une\u00a0<\/span><strong style=\"font-weight: bold; caret-color: #000000; color: #000000;\">contrefa\u00e7on sanctionn\u00e9e p\u00e9nalement<\/strong><span style=\"caret-color: #000000; color: #000000; font-size: medium;\">.<\/span><\/p>\t\t\t\t\t\t\t\t<\/div>\n\t\t\t\t<\/div>\n\t\t\t\t<div class=\"elementor-element elementor-element-cac439d elementor-widget elementor-widget-heading\" data-id=\"cac439d\" data-element_type=\"widget\" data-e-type=\"widget\" data-widget_type=\"heading.default\">\n\t\t\t\t<div class=\"elementor-widget-container\">\n\t\t\t\t\t<h2 class=\"elementor-heading-title elementor-size-default\">Droit applicable<\/h2>\t\t\t\t<\/div>\n\t\t\t\t<\/div>\n\t\t\t\t<div class=\"elementor-element elementor-element-6a8df62 elementor-widget elementor-widget-text-editor\" data-id=\"6a8df62\" data-element_type=\"widget\" data-e-type=\"widget\" data-widget_type=\"text-editor.default\">\n\t\t\t\t<div class=\"elementor-widget-container\">\n\t\t\t\t\t\t\t\t\t<p>Les pr\u00e9sentes conditions g\u00e9n\u00e9rales sont soumises au droit fran\u00e7ais. La langue des conditions g\u00e9n\u00e9rales est la langue Fran\u00e7aise. En cas de litige, les tribunaux fran\u00e7ais sont seuls comp\u00e9tents.<\/p>\t\t\t\t\t\t\t\t<\/div>\n\t\t\t\t<\/div>\n\t\t\t\t<div class=\"elementor-element elementor-element-001da2f elementor-widget elementor-widget-heading\" data-id=\"001da2f\" data-element_type=\"widget\" data-e-type=\"widget\" data-widget_type=\"heading.default\">\n\t\t\t\t<div class=\"elementor-widget-container\">\n\t\t\t\t\t<h2 class=\"elementor-heading-title elementor-size-default\">Mise \u00e0 jour<\/h2>\t\t\t\t<\/div>\n\t\t\t\t<\/div>\n\t\t\t\t<div class=\"elementor-element elementor-element-155ad3a elementor-widget elementor-widget-text-editor\" data-id=\"155ad3a\" data-element_type=\"widget\" data-e-type=\"widget\" data-widget_type=\"text-editor.default\">\n\t\t\t\t<div class=\"elementor-widget-container\">\n\t\t\t\t\t\t\t\t\t<p><b>L&rsquo;\u00e9diteur <\/b>et\/ou<b>\u00a0le directeur de publication\u00a0<\/b>du site\u00a0se r\u00e9servent le droit de modifier et mettre \u00e0 jour \u00e0 tout moment ces informations l\u00e9gales.<br \/>Ces modifications et mises \u00e0 jour s&rsquo;imposent \u00e0 l&rsquo;utilisateur qui doit en cons\u00e9quence se r\u00e9f\u00e9rer r\u00e9guli\u00e8rement \u00e0 cette rubrique pour v\u00e9rifier les informations l\u00e9gales en vigueur.<\/p>\t\t\t\t\t\t\t\t<\/div>\n\t\t\t\t<\/div>\n\t\t\t\t\t<\/div>\n\t\t<\/div>\n\t\t\t\t\t<\/div>\n\t\t<\/section>\n\t\t\t\t<\/div>\n\t\t","protected":false},"excerpt":{"rendered":"<p>Mentions l\u00e9gales Le site Mariupol 2022 a pour objet la mise en avant du tableau \u00ab\u00a0Mariupol 2022\u00a0\u00bb d&rsquo;Olesia Trofymenko et la promotion du documentaire \u00ab\u00a0Marioupol, l&rsquo;espoir n&rsquo;est pas perdu\u00a0\u00bb de Max Lytvynov (OUP Documentary). Cr\u00e9dits \u00c9diteur du site Jean-Walter MULLERPerspectives-Objectif-Sc\u00e9nario Directeur de publication St\u00e9phane DALMAT H\u00e9bergement Ce site est h\u00e9berg\u00e9 par la soci\u00e9t\u00e9 OVH 2 [&hellip;]<\/p>\n","protected":false},"author":1,"featured_media":0,"parent":0,"menu_order":0,"comment_status":"closed","ping_status":"closed","template":"","meta":{"_monsterinsights_skip_tracking":false,"_monsterinsights_sitenote_active":false,"_monsterinsights_sitenote_note":"","_monsterinsights_sitenote_category":0,"_uf_show_specific_survey":0,"_uf_disable_surveys":false,"footnotes":""},"class_list":["post-91","page","type-page","status-publish","hentry"],"yoast_head":"<!-- This site is optimized with the Yoast SEO plugin v27.3 - https:\/\/yoast.com\/product\/yoast-seo-wordpress\/ -->\n<title>Mentions l\u00e9gales - Mariupol 2022<\/title>\n<meta name=\"description\" content=\"Mentions l\u00e9gales - cr\u00e9dits, h\u00e9bergement, propri\u00e9t\u00e9 intellectuelle, droit applicable - du site Mariupol 2022.\" \/>\n<meta name=\"robots\" content=\"index, follow, max-snippet:-1, max-image-preview:large, max-video-preview:-1\" \/>\n<link rel=\"canonical\" href=\"https:\/\/mariupol2022.com\/index.php\/mentions-legales\/\" \/>\n<meta property=\"og:locale\" content=\"fr_FR\" \/>\n<meta property=\"og:type\" content=\"article\" \/>\n<meta property=\"og:title\" content=\"Mentions l\u00e9gales - Mariupol 2022\" \/>\n<meta property=\"og:description\" content=\"Mentions l\u00e9gales - cr\u00e9dits, h\u00e9bergement, propri\u00e9t\u00e9 intellectuelle, droit applicable - du site Mariupol 2022.\" \/>\n<meta property=\"og:url\" content=\"https:\/\/mariupol2022.com\/index.php\/mentions-legales\/\" \/>\n<meta property=\"og:site_name\" content=\"Mariupol 2022\" \/>\n<meta property=\"article:modified_time\" content=\"2024-01-11T14:48:01+00:00\" \/>\n<meta name=\"twitter:card\" content=\"summary_large_image\" \/>\n<meta name=\"twitter:label1\" content=\"Dur\u00e9e de lecture estim\u00e9e\" \/>\n\t<meta name=\"twitter:data1\" content=\"2 minutes\" \/>\n<script type=\"application\/ld+json\" class=\"yoast-schema-graph\">{\"@context\":\"https:\\\/\\\/schema.org\",\"@graph\":[{\"@type\":\"WebPage\",\"@id\":\"https:\\\/\\\/mariupol2022.com\\\/index.php\\\/mentions-legales\\\/\",\"url\":\"https:\\\/\\\/mariupol2022.com\\\/index.php\\\/mentions-legales\\\/\",\"name\":\"Mentions l\u00e9gales - Mariupol 2022\",\"isPartOf\":{\"@id\":\"https:\\\/\\\/mariupol2022.com\\\/#website\"},\"datePublished\":\"2024-01-04T22:13:28+00:00\",\"dateModified\":\"2024-01-11T14:48:01+00:00\",\"description\":\"Mentions l\u00e9gales - cr\u00e9dits, h\u00e9bergement, propri\u00e9t\u00e9 intellectuelle, droit applicable - du site Mariupol 2022.\",\"breadcrumb\":{\"@id\":\"https:\\\/\\\/mariupol2022.com\\\/index.php\\\/mentions-legales\\\/#breadcrumb\"},\"inLanguage\":\"fr-FR\",\"potentialAction\":[{\"@type\":\"ReadAction\",\"target\":[\"https:\\\/\\\/mariupol2022.com\\\/index.php\\\/mentions-legales\\\/\"]}]},{\"@type\":\"BreadcrumbList\",\"@id\":\"https:\\\/\\\/mariupol2022.com\\\/index.php\\\/mentions-legales\\\/#breadcrumb\",\"itemListElement\":[{\"@type\":\"ListItem\",\"position\":1,\"name\":\"Accueil\",\"item\":\"https:\\\/\\\/mariupol2022.com\\\/\"},{\"@type\":\"ListItem\",\"position\":2,\"name\":\"Mentions l\u00e9gales\"}]},{\"@type\":\"WebSite\",\"@id\":\"https:\\\/\\\/mariupol2022.com\\\/#website\",\"url\":\"https:\\\/\\\/mariupol2022.com\\\/\",\"name\":\"Mariupol 2022\",\"description\":\"\",\"publisher\":{\"@id\":\"https:\\\/\\\/mariupol2022.com\\\/#organization\"},\"potentialAction\":[{\"@type\":\"SearchAction\",\"target\":{\"@type\":\"EntryPoint\",\"urlTemplate\":\"https:\\\/\\\/mariupol2022.com\\\/?s={search_term_string}\"},\"query-input\":{\"@type\":\"PropertyValueSpecification\",\"valueRequired\":true,\"valueName\":\"search_term_string\"}}],\"inLanguage\":\"fr-FR\"},{\"@type\":\"Organization\",\"@id\":\"https:\\\/\\\/mariupol2022.com\\\/#organization\",\"name\":\"Mariupol 2022\",\"url\":\"https:\\\/\\\/mariupol2022.com\\\/\",\"logo\":{\"@type\":\"ImageObject\",\"inLanguage\":\"fr-FR\",\"@id\":\"https:\\\/\\\/mariupol2022.com\\\/#\\\/schema\\\/logo\\\/image\\\/\",\"url\":\"https:\\\/\\\/mariupol2022.com\\\/wp-content\\\/uploads\\\/2024\\\/01\\\/Olesia-TROFYMENKO.jpeg\",\"contentUrl\":\"https:\\\/\\\/mariupol2022.com\\\/wp-content\\\/uploads\\\/2024\\\/01\\\/Olesia-TROFYMENKO.jpeg\",\"width\":1280,\"height\":590,\"caption\":\"Mariupol 2022\"},\"image\":{\"@id\":\"https:\\\/\\\/mariupol2022.com\\\/#\\\/schema\\\/logo\\\/image\\\/\"}}]}<\/script>\n<!-- \/ Yoast SEO plugin. -->","yoast_head_json":{"title":"Mentions l\u00e9gales - Mariupol 2022","description":"Mentions l\u00e9gales - cr\u00e9dits, h\u00e9bergement, propri\u00e9t\u00e9 intellectuelle, droit applicable - du site Mariupol 2022.","robots":{"index":"index","follow":"follow","max-snippet":"max-snippet:-1","max-image-preview":"max-image-preview:large","max-video-preview":"max-video-preview:-1"},"canonical":"https:\/\/mariupol2022.com\/index.php\/mentions-legales\/","og_locale":"fr_FR","og_type":"article","og_title":"Mentions l\u00e9gales - Mariupol 2022","og_description":"Mentions l\u00e9gales - cr\u00e9dits, h\u00e9bergement, propri\u00e9t\u00e9 intellectuelle, droit applicable - du site Mariupol 2022.","og_url":"https:\/\/mariupol2022.com\/index.php\/mentions-legales\/","og_site_name":"Mariupol 2022","article_modified_time":"2024-01-11T14:48:01+00:00","twitter_card":"summary_large_image","twitter_misc":{"Dur\u00e9e de lecture estim\u00e9e":"2 minutes"},"schema":{"@context":"https:\/\/schema.org","@graph":[{"@type":"WebPage","@id":"https:\/\/mariupol2022.com\/index.php\/mentions-legales\/","url":"https:\/\/mariupol2022.com\/index.php\/mentions-legales\/","name":"Mentions l\u00e9gales - Mariupol 2022","isPartOf":{"@id":"https:\/\/mariupol2022.com\/#website"},"datePublished":"2024-01-04T22:13:28+00:00","dateModified":"2024-01-11T14:48:01+00:00","description":"Mentions l\u00e9gales - cr\u00e9dits, h\u00e9bergement, propri\u00e9t\u00e9 intellectuelle, droit applicable - du site Mariupol 2022.","breadcrumb":{"@id":"https:\/\/mariupol2022.com\/index.php\/mentions-legales\/#breadcrumb"},"inLanguage":"fr-FR","potentialAction":[{"@type":"ReadAction","target":["https:\/\/mariupol2022.com\/index.php\/mentions-legales\/"]}]},{"@type":"BreadcrumbList","@id":"https:\/\/mariupol2022.com\/index.php\/mentions-legales\/#breadcrumb","itemListElement":[{"@type":"ListItem","position":1,"name":"Accueil","item":"https:\/\/mariupol2022.com\/"},{"@type":"ListItem","position":2,"name":"Mentions l\u00e9gales"}]},{"@type":"WebSite","@id":"https:\/\/mariupol2022.com\/#website","url":"https:\/\/mariupol2022.com\/","name":"Mariupol 2022","description":"","publisher":{"@id":"https:\/\/mariupol2022.com\/#organization"},"potentialAction":[{"@type":"SearchAction","target":{"@type":"EntryPoint","urlTemplate":"https:\/\/mariupol2022.com\/?s={search_term_string}"},"query-input":{"@type":"PropertyValueSpecification","valueRequired":true,"valueName":"search_term_string"}}],"inLanguage":"fr-FR"},{"@type":"Organization","@id":"https:\/\/mariupol2022.com\/#organization","name":"Mariupol 2022","url":"https:\/\/mariupol2022.com\/","logo":{"@type":"ImageObject","inLanguage":"fr-FR","@id":"https:\/\/mariupol2022.com\/#\/schema\/logo\/image\/","url":"https:\/\/mariupol2022.com\/wp-content\/uploads\/2024\/01\/Olesia-TROFYMENKO.jpeg","contentUrl":"https:\/\/mariupol2022.com\/wp-content\/uploads\/2024\/01\/Olesia-TROFYMENKO.jpeg","width":1280,"height":590,"caption":"Mariupol 2022"},"image":{"@id":"https:\/\/mariupol2022.com\/#\/schema\/logo\/image\/"}}]}},"jetpack_sharing_enabled":true,"_links":{"self":[{"href":"https:\/\/mariupol2022.com\/index.php\/wp-json\/wp\/v2\/pages\/91","targetHints":{"allow":["GET"]}}],"collection":[{"href":"https:\/\/mariupol2022.com\/index.php\/wp-json\/wp\/v2\/pages"}],"about":[{"href":"https:\/\/mariupol2022.com\/index.php\/wp-json\/wp\/v2\/types\/page"}],"author":[{"embeddable":true,"href":"https:\/\/mariupol2022.com\/index.php\/wp-json\/wp\/v2\/users\/1"}],"replies":[{"embeddable":true,"href":"https:\/\/mariupol2022.com\/index.php\/wp-json\/wp\/v2\/comments?post=91"}],"version-history":[{"count":31,"href":"https:\/\/mariupol2022.com\/index.php\/wp-json\/wp\/v2\/pages\/91\/revisions"}],"predecessor-version":[{"id":675,"href":"https:\/\/mariupol2022.com\/index.php\/wp-json\/wp\/v2\/pages\/91\/revisions\/675"}],"wp:attachment":[{"href":"https:\/\/mariupol2022.com\/index.php\/wp-json\/wp\/v2\/media?parent=91"}],"curies":[{"name":"wp","href":"https:\/\/api.w.org\/{rel}","templated":true}]}}